{"id":1251,"date":"2023-08-25T06:45:13","date_gmt":"2023-08-25T06:45:13","guid":{"rendered":"https:\/\/atelier404933.live-website.com\/?page_id=1251"},"modified":"2023-10-02T12:16:36","modified_gmt":"2023-10-02T12:16:36","slug":"acces","status":"publish","type":"page","link":"https:\/\/refugedelatraye.fr\/en\/acces","title":{"rendered":"Access"},"content":{"rendered":"<style>.elementor-1251 .elementor-element.elementor-element-56050eb9:not(.elementor-motion-effects-element-type-background), .elementor-1251 .elementor-element.elementor-element-56050eb9 > .elementor-motion-effects-container > .elementor-motion-effects-layer{background-image:url(\"https:\/\/refugedelatraye.fr\/wp-content\/uploads\/2023\/10\/refuge-de-la-traye-luxe-savoie.jpeg\");background-position:center center;background-repeat:no-repeat;background-size:cover;}.elementor-1251 .elementor-element.elementor-element-56050eb9 > .elementor-background-overlay{background-color:rgba(0,0,0,0.61);opacity:0.8;transition:background 0.3s, border-radius 0.3s, opacity 0.3s;}.elementor-1251 .elementor-element.elementor-element-56050eb9{border-style:solid;border-width:15px 15px 0px 15px;border-color:rgba(255,255,255,0.23);transition:all 400ms;margin-top:-180px;margin-bottom:0px;padding:6em 0em 0em 0em;}.elementor-1251 .elementor-element.elementor-element-1bded821{transition:all 400ms;}.elementor-1251 .elementor-element.elementor-element-2890f8a8 > .elementor-container{max-width:760px;}.elementor-1251 .elementor-element.elementor-element-2890f8a8 > .elementor-container > .elementor-column > .elementor-widget-wrap{align-content:center;align-items:center;}.elementor-1251 .elementor-element.elementor-element-2890f8a8{padding:9em 9em 9em 9em;transition:all 400ms;}.elementor-1251 .elementor-element.elementor-element-626eae9a:not(.elementor-motion-effects-element-type-background) > .elementor-widget-wrap, .elementor-1251 .elementor-element.elementor-element-626eae9a > .elementor-widget-wrap > .elementor-motion-effects-container > .elementor-motion-effects-layer{background-color:rgba(255,255,255,0.15);}.elementor-1251 .elementor-element.elementor-element-626eae9a > .elementor-element-populated{border-style:solid;border-width:1px 1px 1px 1px;border-color:rgba(255,255,255,0.6);box-shadow:0px 0px 0px 5px rgba(255,255,255,0.19) inset;transition:background 0.3s, border 0.3s, border-radius 0.3s, box-shadow 0.3s;padding:4em 3em 4em 3em;}.elementor-1251 .elementor-element.elementor-element-626eae9a > .elementor-element-populated > .elementor-background-overlay{transition:background 0.3s, border-radius 0.3s, opacity 0.3s;}.elementor-1251 .elementor-element.elementor-element-626eae9a{transition:all 400ms;}.elementor-1251 .elementor-element.elementor-element-48e3fa11{text-align:center;transition:all 400ms;}.elementor-1251 .elementor-element.elementor-element-48e3fa11 .elementor-heading-title{font-family:\"Playfair Display\", Sans-serif;font-size:4.5rem;font-weight:300;text-transform:uppercase;line-height:1em;letter-spacing:-5px;color:#ffffff;}.elementor-1251 .elementor-element.elementor-element-48e3fa11 > .elementor-widget-container{margin:-7px 0px 0px 0px;padding:-19% 0% -4% 0%;}.elementor-1251 .elementor-element.elementor-element-56592663{transition:all 400ms;}.elementor-1251 .elementor-element.elementor-element-2392452a{transition:all 400ms;}.elementor-1251 .elementor-element.elementor-element-7009e733{transition:all 400ms;}.elementor-1251 .elementor-element.elementor-element-5a67ce3e{transition:all 400ms;}.elementor-1251 .elementor-element.elementor-element-63686782{transition:all 400ms;}.elementor-1251 .elementor-element.elementor-element-5d4948cf{transition:all 400ms;}.elementor-1251 .elementor-element.elementor-element-1f3df166{transition:all 400ms;}.elementor-1251 .elementor-element.elementor-element-27b07209{transition:all 400ms;}.elementor-1251 .elementor-element.elementor-element-69a0202b{transition:all 400ms;}.elementor-1251 .elementor-element.elementor-element-1f1445b7{transition:all 400ms;}@media(max-width:1024px){.elementor-1251 .elementor-element.elementor-element-2890f8a8{padding:0em 4em 0em 4em;}.elementor-1251 .elementor-element.elementor-element-626eae9a > .elementor-element-populated{padding:20px 20px 20px 20px;}.elementor-1251 .elementor-element.elementor-element-48e3fa11{text-align:start;}.elementor-1251 .elementor-element.elementor-element-48e3fa11 .elementor-heading-title{font-size:63px;letter-spacing:-3px;}.elementor-1251 .elementor-element.elementor-element-48e3fa11 > .elementor-widget-container{padding:0em 0em 0em 0em;}}@media(min-width:1025px){.elementor-1251 .elementor-element.elementor-element-56050eb9:not(.elementor-motion-effects-element-type-background), .elementor-1251 .elementor-element.elementor-element-56050eb9 > .elementor-motion-effects-container > .elementor-motion-effects-layer{background-attachment:fixed;}}@media(max-width:767px){.elementor-1251 .elementor-element.elementor-element-56050eb9{margin-top:0%;margin-bottom:0%;padding:0% 0% 0% 0%;}.elementor-1251 .elementor-element.elementor-element-1bded821{width:100%;}.elementor-1251 .elementor-element.elementor-element-1bded821 > .elementor-element-populated{margin:1px 0px 0px 0px;--e-column-margin-right:0px;--e-column-margin-left:0px;padding:10px 10px 10px 10px;}.elementor-1251 .elementor-element.elementor-element-2890f8a8{margin-top:0px;margin-bottom:0px;padding:40% 0% 0% 0%;}.elementor-1251 .elementor-element.elementor-element-626eae9a > .elementor-element-populated{padding:20px 20px 20px 20px;}.elementor-1251 .elementor-element.elementor-element-48e3fa11{text-align:center;}.elementor-1251 .elementor-element.elementor-element-48e3fa11 .elementor-heading-title{font-size:40px;letter-spacing:-2px;}}<\/style>\t\t<div data-elementor-type=\"wp-page\" data-elementor-id=\"1251\" class=\"elementor elementor-1251\" data-elementor-post-type=\"page\">\n\t\t\t\t\t\t<section class=\"elementor-section elementor-top-section elementor-element elementor-element-56050eb9 parallax elementor-section-full_width elementor-section-height-default elementor-section-height-default\" data-id=\"56050eb9\" data-element_type=\"section\" data-e-type=\"section\" data-settings=\"{&quot;background_background&quot;:&quot;classic&quot;}\">\n\t\t\t\t\t\t\t<div class=\"elementor-background-overlay\"><\/div>\n\t\t\t\t\t\t\t<div class=\"elementor-container elementor-column-gap-no\">\n\t\t\t\t\t<div class=\"elementor-column elementor-col-100 elementor-top-column elementor-element elementor-element-1bded821\" data-id=\"1bded821\" data-element_type=\"column\" data-e-type=\"column\">\n\t\t\t<div class=\"elementor-widget-wrap elementor-element-populated\">\n\t\t\t\t\t\t<section class=\"elementor-section elementor-inner-section elementor-element elementor-element-2890f8a8 elementor-section-content-middle elementor-section-boxed elementor-section-height-default elementor-section-height-default\" data-id=\"2890f8a8\" data-element_type=\"section\" data-e-type=\"section\">\n\t\t\t\t\t\t<div class=\"elementor-container elementor-column-gap-no\">\n\t\t\t\t\t<div class=\"elementor-column elementor-col-100 elementor-inner-column elementor-element elementor-element-626eae9a elementor-invisible\" data-id=\"626eae9a\" data-element_type=\"column\" data-e-type=\"column\" data-settings=\"{&quot;animation&quot;:&quot;fadeIn&quot;,&quot;background_background&quot;:&quot;classic&quot;}\">\n\t\t\t<div class=\"elementor-widget-wrap elementor-element-populated\">\n\t\t\t\t\t\t<div class=\"elementor-element elementor-element-48e3fa11 de_scroll_animation_no elementor-invisible elementor-widget elementor-widget-heading\" data-id=\"48e3fa11\" data-element_type=\"widget\" data-e-type=\"widget\" data-settings=\"{&quot;_animation&quot;:&quot;fadeInUp&quot;,&quot;_animation_delay&quot;:100}\" data-widget_type=\"heading.default\">\n\t\t\t\t<div class=\"elementor-widget-container\">\n\t\t\t\t\t<h1 class=\"elementor-heading-title elementor-size-default\">Access<\/h1>\t\t\t\t<\/div>\n\t\t\t\t<\/div>\n\t\t\t\t\t<\/div>\n\t\t<\/div>\n\t\t\t\t\t<\/div>\n\t\t<\/section>\n\t\t\t\t\t<\/div>\n\t\t<\/div>\n\t\t\t\t\t<\/div>\n\t\t<\/section>\n\t\t\t\t<section class=\"elementor-section elementor-top-section elementor-element elementor-element-56592663 elementor-section-boxed elementor-section-height-default elementor-section-height-default\" data-id=\"56592663\" data-element_type=\"section\" data-e-type=\"section\">\n\t\t\t\t\t\t<div class=\"elementor-container elementor-column-gap-default\">\n\t\t\t\t\t<div class=\"elementor-column elementor-col-100 elementor-top-column elementor-element elementor-element-2392452a\" data-id=\"2392452a\" data-element_type=\"column\" data-e-type=\"column\">\n\t\t\t<div class=\"elementor-widget-wrap elementor-element-populated\">\n\t\t\t\t\t\t<section class=\"elementor-section elementor-inner-section elementor-element elementor-element-7009e733 elementor-section-boxed elementor-section-height-default elementor-section-height-default\" data-id=\"7009e733\" data-element_type=\"section\" data-e-type=\"section\">\n\t\t\t\t\t\t<div class=\"elementor-container elementor-column-gap-default\">\n\t\t\t\t\t<div class=\"elementor-column elementor-col-50 elementor-inner-column elementor-element elementor-element-5a67ce3e\" data-id=\"5a67ce3e\" data-element_type=\"column\" data-e-type=\"column\">\n\t\t\t<div class=\"elementor-widget-wrap elementor-element-populated\">\n\t\t\t\t\t\t<div class=\"elementor-element elementor-element-63686782 de_scroll_animation_no elementor-widget elementor-widget-image\" data-id=\"63686782\" data-element_type=\"widget\" data-e-type=\"widget\" data-widget_type=\"image.default\">\n\t\t\t\t<div class=\"elementor-widget-container\">\n\t\t\t\t\t\t\t\t\t\t\t\t\t\t\t<img fetchpriority=\"high\" decoding=\"async\" width=\"733\" height=\"1024\" src=\"https:\/\/refugedelatraye.fr\/wp-content\/uploads\/2023\/09\/plan-detaille-rdlt-2003-733x1024.jpeg\" class=\"attachment-large size-large wp-image-2919\" alt=\"\" srcset=\"https:\/\/refugedelatraye.fr\/wp-content\/uploads\/2023\/09\/plan-detaille-rdlt-2003-733x1024.jpeg 733w, https:\/\/refugedelatraye.fr\/wp-content\/uploads\/2023\/09\/plan-detaille-rdlt-2003-600x838.jpeg 600w, https:\/\/refugedelatraye.fr\/wp-content\/uploads\/2023\/09\/plan-detaille-rdlt-2003-215x300.jpeg 215w, https:\/\/refugedelatraye.fr\/wp-content\/uploads\/2023\/09\/plan-detaille-rdlt-2003-768x1073.jpeg 768w, https:\/\/refugedelatraye.fr\/wp-content\/uploads\/2023\/09\/plan-detaille-rdlt-2003-1099x1536.jpeg 1099w, https:\/\/refugedelatraye.fr\/wp-content\/uploads\/2023\/09\/plan-detaille-rdlt-2003-9x12.jpeg 9w, https:\/\/refugedelatraye.fr\/wp-content\/uploads\/2023\/09\/plan-detaille-rdlt-2003.jpeg 1120w\" sizes=\"(max-width: 733px) 100vw, 733px\" \/>\t\t\t\t\t\t\t\t\t\t\t\t\t\t\t<\/div>\n\t\t\t\t<\/div>\n\t\t\t\t\t<\/div>\n\t\t<\/div>\n\t\t\t\t<div class=\"elementor-column elementor-col-50 elementor-inner-column elementor-element elementor-element-5d4948cf\" data-id=\"5d4948cf\" data-element_type=\"column\" data-e-type=\"column\">\n\t\t\t<div class=\"elementor-widget-wrap elementor-element-populated\">\n\t\t\t\t\t\t<div class=\"elementor-element elementor-element-1f3df166 de_scroll_animation_no elementor-widget elementor-widget-image\" data-id=\"1f3df166\" data-element_type=\"widget\" data-e-type=\"widget\" data-widget_type=\"image.default\">\n\t\t\t\t<div class=\"elementor-widget-container\">\n\t\t\t\t\t\t\t\t\t\t\t\t\t\t\t<img decoding=\"async\" width=\"733\" height=\"1024\" src=\"https:\/\/refugedelatraye.fr\/wp-content\/uploads\/2023\/09\/plan-general-rdlt-4-733x1024.jpeg\" class=\"attachment-large size-large wp-image-2918\" alt=\"\" srcset=\"https:\/\/refugedelatraye.fr\/wp-content\/uploads\/2023\/09\/plan-general-rdlt-4-733x1024.jpeg 733w, https:\/\/refugedelatraye.fr\/wp-content\/uploads\/2023\/09\/plan-general-rdlt-4-600x838.jpeg 600w, https:\/\/refugedelatraye.fr\/wp-content\/uploads\/2023\/09\/plan-general-rdlt-4-215x300.jpeg 215w, https:\/\/refugedelatraye.fr\/wp-content\/uploads\/2023\/09\/plan-general-rdlt-4-768x1073.jpeg 768w, https:\/\/refugedelatraye.fr\/wp-content\/uploads\/2023\/09\/plan-general-rdlt-4-1099x1536.jpeg 1099w, https:\/\/refugedelatraye.fr\/wp-content\/uploads\/2023\/09\/plan-general-rdlt-4-9x12.jpeg 9w, https:\/\/refugedelatraye.fr\/wp-content\/uploads\/2023\/09\/plan-general-rdlt-4.jpeg 1120w\" sizes=\"(max-width: 733px) 100vw, 733px\" \/>\t\t\t\t\t\t\t\t\t\t\t\t\t\t\t<\/div>\n\t\t\t\t<\/div>\n\t\t\t\t\t<\/div>\n\t\t<\/div>\n\t\t\t\t\t<\/div>\n\t\t<\/section>\n\t\t\t\t\t<\/div>\n\t\t<\/div>\n\t\t\t\t\t<\/div>\n\t\t<\/section>\n\t\t\t\t<section class=\"elementor-section elementor-top-section elementor-element elementor-element-27b07209 elementor-section-boxed elementor-section-height-default elementor-section-height-default\" data-id=\"27b07209\" data-element_type=\"section\" data-e-type=\"section\">\n\t\t\t\t\t\t<div class=\"elementor-container elementor-column-gap-default\">\n\t\t\t\t\t<div class=\"elementor-column elementor-col-100 elementor-top-column elementor-element elementor-element-69a0202b\" data-id=\"69a0202b\" data-element_type=\"column\" data-e-type=\"column\">\n\t\t\t<div class=\"elementor-widget-wrap elementor-element-populated\">\n\t\t\t\t\t\t<div class=\"elementor-element elementor-element-1f1445b7 de_scroll_animation_no elementor-widget elementor-widget-text-editor\" data-id=\"1f1445b7\" data-element_type=\"widget\" data-e-type=\"widget\" data-widget_type=\"text-editor.default\">\n\t\t\t\t<div class=\"elementor-widget-container\">\n\t\t\t\t\t\t\t\t\t<p style=\"font-weight: 400;\">Geneva International Airport (135 km)<\/p><p style=\"font-weight: 400;\">Flights: 00 41 900 57 15 00<br \/><a href=\"mailto:info.aig@gva.ch\">info.aig@gva.ch<\/a><br \/><a href=\"http:\/\/www.gva.ch\/\">Website<\/a><br \/>Home France Geneva\u00a0<br \/>00 41 22 798 20 00\u00a0<br \/><a href=\"mailto:acc-france@bluewin.ch\">acc-france@bluewin.ch<\/a><\/p><p style=\"font-weight: 400;\">Regular bus connections<\/p><p style=\"font-weight: 400;\">AltiBus: +33 (0)4 79 68 32 96<br \/><a href=\"https:\/\/www.altibus.com\/reservation\/garesDepart.aspx?gd=LYON+A%u00e9roport+-+Saint+Exup%u00e9ry%2f\">Altibus reservation<\/a><br \/>Duration: 2h30<\/p><p style=\"font-weight: 400;\">Lyon St Exup\u00e9ry Airport (185 km)<\/p><p style=\"font-weight: 400;\">0826 800 826 (0.15 \u20ac\/min)<br \/><a href=\"http:\/\/www.lyonaeroports.com\/\">Website<\/a><\/p><p style=\"font-weight: 400;\">Regular bus connections<\/p><p style=\"font-weight: 400;\">Altibus: +33 (0)4 79 68 32 96<br \/><a href=\"https:\/\/www.altibus.com\/reservation\/garesDepart.aspx?gd=LYON%20A%C3%A9roport%20-%20Saint%20Exup%C3%A9ry\/\">Altibus reservation<\/a><br \/>Duration: 2h30<\/p><p style=\"font-weight: 400;\">Chamb\u00e9ry \u2013 Savoie Airport (95 km)<\/p><p style=\"font-weight: 400;\">+33 (0)4 79 54 49 54\u00a0<br \/><a href=\"mailto:accueil@chambery-airport.com\">accueil@chambery-airport.com<\/a><br \/><a href=\"http:\/\/www.chambery-airport.com\/\">Website<\/a><br \/><a href=\"https:\/\/www.transavia.com\/fr-FR\/accueil\/\">Transavia flights<\/a><\/p><p style=\"font-weight: 400;\">Grenoble \u2013 Is\u00e8re Airport (120 km)<\/p><p style=\"font-weight: 400;\">+33 (0)4 76 65 48 48<br \/><a href=\"mailto:info@grenoble-airport.com\">info@grenoble-airport.com<\/a><br \/><a href=\"http:\/\/www.grenoble-airport.com\/\">Website<\/a><\/p><p style=\"font-weight: 400;\">Annecy \u2013 Haute-Savoie Airport (140km)<\/p><p style=\"font-weight: 400;\">+33 (0)4 50 322 322<br \/><a href=\"http:\/\/www.annecy.aeroport.fr\/\">Website<\/a><\/p><p style=\"font-weight: 400;\">Home CCI<br \/>+33 (0)4 50 27 30 06<\/p><p style=\"font-weight: 400;\">M\u00e9ribel Altiport<\/p><p style=\"font-weight: 400;\">+33 (0)4 79 08 61 33<br \/><a href=\"mailto:aeroclub.meribel@free.fr\">aeroclub.meribel@free.fr<\/a><br \/><a href=\"http:\/\/ac-meribel.com\/\">Website<\/a><\/p><p style=\"font-weight: 400;\">BY CAR\u00a0<\/p><p style=\"font-weight: 400;\">Recommended itinerary<\/p><p style=\"font-weight: 400;\">A 43 motorway to Albertville.<br \/>Then RN 90 (2 x 2 lanes) to Mo\u00fbtiers.<br \/>Then D 90 towards M\u00e9ribel for 11km to the village of Allues.<br \/>From Les Allues, follow Le Villard for 1km.<\/p><p style=\"font-weight: 400;\"><a href=\"https:\/\/www.les3vallees.com\/fr\/guide\/venir-dans-les-3-vallees\/etat-des-routes\">Road conditions in real time!<\/a><\/p><p style=\"font-weight: 400;\">Some distances<\/p><p style=\"font-weight: 400;\">Chamb\u00e9ry \u2013 95 km<br \/>Geneva \u2013 120 km<br \/>Lyon \u2013 200 km<br \/>Paris \u2013 630 km<br \/>London \u2013 1060 km<\/p><p style=\"font-weight: 400;\">Carpooling<\/p><p style=\"font-weight: 400;\"><a href=\"https:\/\/www.blablacar.fr\/\">Reservation on Blablacar<\/a><\/p><p style=\"font-weight: 400;\">Car rental<\/p><p style=\"font-weight: 400;\">+33 (0)1 44 38 55 55<br \/><a href=\"mailto:res-fr@sixt.com\">res-fr@sixt.com<\/a><br \/><a href=\"http:\/\/www.sixt.fr\/php\/reservation\/login.logingo?kdnr=9874994&amp;pasw=sixtcar1&amp;ctyp=P&amp;posl=FR\">Website<\/a><\/p><p style=\"font-weight: 400;\">BY TRAIN<\/p><p style=\"font-weight: 400;\">Mo\u00fbtiers \u2013 Salins \u2013 Brides Les Bains SNCF station (18 km)<\/p><p style=\"font-weight: 400;\">36 35 (0.34\u20ac\/min)<br \/><a href=\"http:\/\/www.voyages-sncf.com\/\">Website<\/a><\/p><p style=\"font-weight: 400;\">Bus \u2013 Quick connection (duration 25 min)<\/p><p style=\"font-weight: 400;\"><a href=\"https:\/\/www.sncf-connect.com\">TIMETABLE \u2013 Moutiers SNCF station &gt; M\u00e9ribel Mairie des Allues<\/a><\/p><p style=\"font-weight: 400;\">BY BUS<\/p><p style=\"font-weight: 400;\"><a href=\"http:\/\/www.altibus.com\/\">Altibus<\/a><\/p><div class=\"col-md-6 col-sm-6 col-xs-12\"><div class=\"pb-element-container pb-element-text text-koesrh\"><div>\u00a0<\/div><\/div><\/div>\t\t\t\t\t\t\t\t<\/div>\n\t\t\t\t<\/div>\n\t\t\t\t\t<\/div>\n\t\t<\/div>\n\t\t\t\t\t<\/div>\n\t\t<\/section>\n\t\t\t\t<\/div>","protected":false},"excerpt":{"rendered":"<p>Acc\u00e8s A\u00e9roport International de Gen\u00e8ve (135 km) Vols :\u00a000 41 900 57 15 00info.aig@gva.chSite InternetAccueil France Gen\u00e8ve\u00a000 41 22 798 20 00\u00a0acc-france@bluewin.ch Liaisons r\u00e9guli\u00e8res par car AltiBus :\u00a0+33 (0)4 79 68 32 96R\u00e9servation AltibusDur\u00e9e : 2h30 A\u00e9roport Lyon St Exup\u00e9ry (185 km) 0826 800 826 (0,15 \u20ac\/mn)Site Internet Liaisons r\u00e9guli\u00e8res par car Altibus :\u00a0+33 (0)4 [&hellip;]<\/p>\n","protected":false},"author":4,"featured_media":0,"parent":0,"menu_order":0,"comment_status":"closed","ping_status":"closed","template":"elementor_header_footer","meta":{"_eb_attr":"","footnotes":""},"class_list":["post-1251","page","type-page","status-publish","hentry"],"yoast_head":"<!-- This site is optimized with the Yoast SEO plugin v27.4 - https:\/\/yoast.com\/product\/yoast-seo-wordpress\/ -->\n<title>Acces - Refuge de la Traye<\/title>\n<meta name=\"robots\" content=\"index, follow, max-snippet:-1, max-image-preview:large, max-video-preview:-1\" \/>\n<link rel=\"canonical\" href=\"https:\/\/refugedelatraye.fr\/en\/acces\/\" \/>\n<meta property=\"og:locale\" content=\"en_GB\" \/>\n<meta property=\"og:type\" content=\"article\" \/>\n<meta property=\"og:title\" content=\"Acces - Refuge de la Traye\" \/>\n<meta property=\"og:description\" content=\"Acc\u00e8s A\u00e9roport International de Gen\u00e8ve (135 km) Vols :\u00a000 41 900 57 15 00info.aig@gva.chSite InternetAccueil France Gen\u00e8ve\u00a000 41 22 798 20 00\u00a0acc-france@bluewin.ch Liaisons r\u00e9guli\u00e8res par car AltiBus :\u00a0+33 (0)4 79 68 32 96R\u00e9servation AltibusDur\u00e9e : 2h30 A\u00e9roport Lyon St Exup\u00e9ry (185 km) 0826 800 826 (0,15 \u20ac\/mn)Site Internet Liaisons r\u00e9guli\u00e8res par car Altibus :\u00a0+33 (0)4 [&hellip;]\" \/>\n<meta property=\"og:url\" content=\"https:\/\/refugedelatraye.fr\/en\/acces\/\" \/>\n<meta property=\"og:site_name\" content=\"Refuge de la Traye\" \/>\n<meta property=\"article:modified_time\" content=\"2023-10-02T12:16:36+00:00\" \/>\n<meta property=\"og:image\" content=\"https:\/\/refugedelatraye.fr\/wp-content\/uploads\/2023\/09\/plan-detaille-rdlt-2003-733x1024.jpeg\" \/>\n<meta name=\"twitter:card\" content=\"summary_large_image\" \/>\n<meta name=\"twitter:label1\" content=\"Estimated reading time\" \/>\n\t<meta name=\"twitter:data1\" content=\"2 minutes\" \/>\n<script type=\"application\/ld+json\" class=\"yoast-schema-graph\">{\"@context\":\"https:\\\/\\\/schema.org\",\"@graph\":[{\"@type\":\"WebPage\",\"@id\":\"https:\\\/\\\/refugedelatraye.fr\\\/acces\",\"url\":\"https:\\\/\\\/refugedelatraye.fr\\\/acces\",\"name\":\"Acces - Refuge de la Traye\",\"isPartOf\":{\"@id\":\"https:\\\/\\\/refugedelatraye.fr\\\/#website\"},\"primaryImageOfPage\":{\"@id\":\"https:\\\/\\\/refugedelatraye.fr\\\/acces#primaryimage\"},\"image\":{\"@id\":\"https:\\\/\\\/refugedelatraye.fr\\\/acces#primaryimage\"},\"thumbnailUrl\":\"https:\\\/\\\/refugedelatraye.fr\\\/wp-content\\\/uploads\\\/2023\\\/09\\\/plan-detaille-rdlt-2003-733x1024.jpeg\",\"datePublished\":\"2023-08-25T06:45:13+00:00\",\"dateModified\":\"2023-10-02T12:16:36+00:00\",\"breadcrumb\":{\"@id\":\"https:\\\/\\\/refugedelatraye.fr\\\/acces#breadcrumb\"},\"inLanguage\":\"en-GB\",\"potentialAction\":[{\"@type\":\"ReadAction\",\"target\":[\"https:\\\/\\\/refugedelatraye.fr\\\/acces\"]}]},{\"@type\":\"ImageObject\",\"inLanguage\":\"en-GB\",\"@id\":\"https:\\\/\\\/refugedelatraye.fr\\\/acces#primaryimage\",\"url\":\"https:\\\/\\\/refugedelatraye.fr\\\/wp-content\\\/uploads\\\/2023\\\/09\\\/plan-detaille-rdlt-2003-733x1024.jpeg\",\"contentUrl\":\"https:\\\/\\\/refugedelatraye.fr\\\/wp-content\\\/uploads\\\/2023\\\/09\\\/plan-detaille-rdlt-2003-733x1024.jpeg\"},{\"@type\":\"BreadcrumbList\",\"@id\":\"https:\\\/\\\/refugedelatraye.fr\\\/acces#breadcrumb\",\"itemListElement\":[{\"@type\":\"ListItem\",\"position\":1,\"name\":\"Accueil\",\"item\":\"https:\\\/\\\/refugedelatraye.fr\\\/\"},{\"@type\":\"ListItem\",\"position\":2,\"name\":\"Acces\"}]},{\"@type\":\"WebSite\",\"@id\":\"https:\\\/\\\/refugedelatraye.fr\\\/#website\",\"url\":\"https:\\\/\\\/refugedelatraye.fr\\\/\",\"name\":\"Refuge de la Traye\",\"description\":\"Luxury Mountain Resort and Spa\",\"potentialAction\":[{\"@type\":\"SearchAction\",\"target\":{\"@type\":\"EntryPoint\",\"urlTemplate\":\"https:\\\/\\\/refugedelatraye.fr\\\/?s={search_term_string}\"},\"query-input\":{\"@type\":\"PropertyValueSpecification\",\"valueRequired\":true,\"valueName\":\"search_term_string\"}}],\"inLanguage\":\"en-GB\"}]}<\/script>\n<!-- \/ Yoast SEO plugin. -->","yoast_head_json":{"title":"Acces - Refuge de la Traye","robots":{"index":"index","follow":"follow","max-snippet":"max-snippet:-1","max-image-preview":"max-image-preview:large","max-video-preview":"max-video-preview:-1"},"canonical":"https:\/\/refugedelatraye.fr\/en\/acces\/","og_locale":"en_GB","og_type":"article","og_title":"Acces - Refuge de la Traye","og_description":"Acc\u00e8s A\u00e9roport International de Gen\u00e8ve (135 km) Vols :\u00a000 41 900 57 15 00info.aig@gva.chSite InternetAccueil France Gen\u00e8ve\u00a000 41 22 798 20 00\u00a0acc-france@bluewin.ch Liaisons r\u00e9guli\u00e8res par car AltiBus :\u00a0+33 (0)4 79 68 32 96R\u00e9servation AltibusDur\u00e9e : 2h30 A\u00e9roport Lyon St Exup\u00e9ry (185 km) 0826 800 826 (0,15 \u20ac\/mn)Site Internet Liaisons r\u00e9guli\u00e8res par car Altibus :\u00a0+33 (0)4 [&hellip;]","og_url":"https:\/\/refugedelatraye.fr\/en\/acces\/","og_site_name":"Refuge de la Traye","article_modified_time":"2023-10-02T12:16:36+00:00","og_image":[{"url":"https:\/\/refugedelatraye.fr\/wp-content\/uploads\/2023\/09\/plan-detaille-rdlt-2003-733x1024.jpeg","type":"","width":"","height":""}],"twitter_card":"summary_large_image","twitter_misc":{"Estimated reading time":"2 minutes"},"schema":{"@context":"https:\/\/schema.org","@graph":[{"@type":"WebPage","@id":"https:\/\/refugedelatraye.fr\/acces","url":"https:\/\/refugedelatraye.fr\/acces","name":"Acces - Refuge de la Traye","isPartOf":{"@id":"https:\/\/refugedelatraye.fr\/#website"},"primaryImageOfPage":{"@id":"https:\/\/refugedelatraye.fr\/acces#primaryimage"},"image":{"@id":"https:\/\/refugedelatraye.fr\/acces#primaryimage"},"thumbnailUrl":"https:\/\/refugedelatraye.fr\/wp-content\/uploads\/2023\/09\/plan-detaille-rdlt-2003-733x1024.jpeg","datePublished":"2023-08-25T06:45:13+00:00","dateModified":"2023-10-02T12:16:36+00:00","breadcrumb":{"@id":"https:\/\/refugedelatraye.fr\/acces#breadcrumb"},"inLanguage":"en-GB","potentialAction":[{"@type":"ReadAction","target":["https:\/\/refugedelatraye.fr\/acces"]}]},{"@type":"ImageObject","inLanguage":"en-GB","@id":"https:\/\/refugedelatraye.fr\/acces#primaryimage","url":"https:\/\/refugedelatraye.fr\/wp-content\/uploads\/2023\/09\/plan-detaille-rdlt-2003-733x1024.jpeg","contentUrl":"https:\/\/refugedelatraye.fr\/wp-content\/uploads\/2023\/09\/plan-detaille-rdlt-2003-733x1024.jpeg"},{"@type":"BreadcrumbList","@id":"https:\/\/refugedelatraye.fr\/acces#breadcrumb","itemListElement":[{"@type":"ListItem","position":1,"name":"Accueil","item":"https:\/\/refugedelatraye.fr\/"},{"@type":"ListItem","position":2,"name":"Acces"}]},{"@type":"WebSite","@id":"https:\/\/refugedelatraye.fr\/#website","url":"https:\/\/refugedelatraye.fr\/","name":"Refuge de la Traye","description":"Luxury Mountain Resort and Spa","potentialAction":[{"@type":"SearchAction","target":{"@type":"EntryPoint","urlTemplate":"https:\/\/refugedelatraye.fr\/?s={search_term_string}"},"query-input":{"@type":"PropertyValueSpecification","valueRequired":true,"valueName":"search_term_string"}}],"inLanguage":"en-GB"}]}},"jetpack_sharing_enabled":true,"_links":{"self":[{"href":"https:\/\/refugedelatraye.fr\/en\/wp-json\/wp\/v2\/pages\/1251","targetHints":{"allow":["GET"]}}],"collection":[{"href":"https:\/\/refugedelatraye.fr\/en\/wp-json\/wp\/v2\/pages"}],"about":[{"href":"https:\/\/refugedelatraye.fr\/en\/wp-json\/wp\/v2\/types\/page"}],"author":[{"embeddable":true,"href":"https:\/\/refugedelatraye.fr\/en\/wp-json\/wp\/v2\/users\/4"}],"replies":[{"embeddable":true,"href":"https:\/\/refugedelatraye.fr\/en\/wp-json\/wp\/v2\/comments?post=1251"}],"version-history":[{"count":14,"href":"https:\/\/refugedelatraye.fr\/en\/wp-json\/wp\/v2\/pages\/1251\/revisions"}],"predecessor-version":[{"id":3350,"href":"https:\/\/refugedelatraye.fr\/en\/wp-json\/wp\/v2\/pages\/1251\/revisions\/3350"}],"wp:attachment":[{"href":"https:\/\/refugedelatraye.fr\/en\/wp-json\/wp\/v2\/media?parent=1251"}],"curies":[{"name":"wp","href":"https:\/\/api.w.org\/{rel}","templated":true}]}}