{"id":3393,"date":"2023-10-02T13:20:11","date_gmt":"2023-10-02T13:20:11","guid":{"rendered":"https:\/\/refugedelatraye.fr\/?page_id=3393"},"modified":"2023-10-02T13:29:54","modified_gmt":"2023-10-02T13:29:54","slug":"mentions-legales","status":"publish","type":"page","link":"https:\/\/refugedelatraye.fr\/en\/mentions-legales","title":{"rendered":"Legal Notice"},"content":{"rendered":"<style>.elementor-3393 .elementor-element.elementor-element-1578303f > .elementor-container{max-width:1170px;}.elementor-3393 .elementor-element.elementor-element-1578303f:not(.elementor-motion-effects-element-type-background), .elementor-3393 .elementor-element.elementor-element-1578303f > .elementor-motion-effects-container > .elementor-motion-effects-layer{background-color:var( --e-global-color-primary );background-image:url(\"https:\/\/refugedelatraye.fr\/wp-content\/uploads\/2023\/10\/refuge-de-la-traye-luxe-savoie.jpeg\");background-position:0px 68%;background-repeat:no-repeat;background-size:cover;}.elementor-3393 .elementor-element.elementor-element-1578303f > .elementor-background-overlay{background-color:#00000038;opacity:1;transition:background 0.3s, border-radius 0.3s, opacity 0.3s;}.elementor-3393 .elementor-element.elementor-element-1578303f{transition:all 400ms;margin-top:-91px;margin-bottom:0px;padding:160px 0px 160px 0px;z-index:0;}.elementor-3393 .elementor-element.elementor-element-2f0ac8cd{transition:all 400ms;}.elementor-3393 .elementor-element.elementor-element-5404341e{text-align:center;transition:all 400ms;}.elementor-3393 .elementor-element.elementor-element-5404341e .elementor-heading-title{color:var( --e-global-color-secondary );}.elementor-3393 .elementor-element.elementor-element-772040e9 > .elementor-container{max-width:1200px;}.elementor-3393 .elementor-element.elementor-element-772040e9{transition:all 400ms;padding:100px 0px 100px 0px;}.elementor-3393 .elementor-element.elementor-element-772040e9 > .elementor-background-overlay{transition:background 0.3s, border-radius 0.3s, opacity 0.3s;}.elementor-3393 .elementor-element.elementor-element-6e2b811f.elementor-column > .elementor-widget-wrap{justify-content:center;}.elementor-3393 .elementor-element.elementor-element-6e2b811f{transition:all 400ms;}.elementor-3393 .elementor-element.elementor-element-40ad4474{text-align:center;font-family:var( --e-global-typography-text-font-family ), Sans-serif;font-weight:var( --e-global-typography-text-font-weight );color:var( --e-global-color-text );transition:all 400ms;}.elementor-3393 .elementor-element.elementor-element-40ad4474 > .elementor-widget-container{padding:0% 26% 0% 26%;}@media(max-width:1024px){.elementor-3393 .elementor-element.elementor-element-1578303f:not(.elementor-motion-effects-element-type-background), .elementor-3393 .elementor-element.elementor-element-1578303f > .elementor-motion-effects-container > .elementor-motion-effects-layer{background-position:center center;}.elementor-3393 .elementor-element.elementor-element-1578303f{margin-top:0px;margin-bottom:0px;padding:100px 10px 120px 10px;}.elementor-3393 .elementor-element.elementor-element-772040e9{padding:80px 10px 80px 10px;}.elementor-3393 .elementor-element.elementor-element-6e2b811f > .elementor-element-populated{padding:0px 10px 0px 10px;}.elementor-3393 .elementor-element.elementor-element-40ad4474 > .elementor-widget-container{margin:0px 0px 0px 0px;padding:0% 10% 0% 10%;}}@media(max-width:767px){.elementor-3393 .elementor-element.elementor-element-1578303f{margin-top:0px;margin-bottom:0px;padding:40px 10px 80px 10px;}.elementor-3393 .elementor-element.elementor-element-772040e9{padding:40px 10px 40px 10px;}.elementor-3393 .elementor-element.elementor-element-40ad4474 > .elementor-widget-container{padding:0px 0px 0px 0px;}}<\/style>\t\t<div data-elementor-type=\"wp-page\" data-elementor-id=\"3393\" class=\"elementor elementor-3393\" data-elementor-post-type=\"page\">\n\t\t\t\t\t\t<section class=\"elementor-section elementor-top-section elementor-element elementor-element-1578303f elementor-section-boxed elementor-section-height-default elementor-section-height-default\" data-id=\"1578303f\" data-element_type=\"section\" data-e-type=\"section\" data-settings=\"{&quot;background_background&quot;:&quot;classic&quot;}\">\n\t\t\t\t\t\t\t<div class=\"elementor-background-overlay\"><\/div>\n\t\t\t\t\t\t\t<div class=\"elementor-container elementor-column-gap-default\">\n\t\t\t\t\t<div class=\"elementor-column elementor-col-100 elementor-top-column elementor-element elementor-element-2f0ac8cd\" data-id=\"2f0ac8cd\" data-element_type=\"column\" data-e-type=\"column\">\n\t\t\t<div class=\"elementor-widget-wrap elementor-element-populated\">\n\t\t\t\t\t\t<div class=\"elementor-element elementor-element-5404341e de_scroll_animation_no elementor-widget elementor-widget-heading\" data-id=\"5404341e\" data-element_type=\"widget\" data-e-type=\"widget\" data-widget_type=\"heading.default\">\n\t\t\t\t<div class=\"elementor-widget-container\">\n\t\t\t\t\t<h2 class=\"elementor-heading-title elementor-size-default\">Legal Notice\n<\/h2>\t\t\t\t<\/div>\n\t\t\t\t<\/div>\n\t\t\t\t\t<\/div>\n\t\t<\/div>\n\t\t\t\t\t<\/div>\n\t\t<\/section>\n\t\t\t\t<section class=\"elementor-section elementor-top-section elementor-element elementor-element-772040e9 elementor-section-boxed elementor-section-height-default elementor-section-height-default\" data-id=\"772040e9\" data-element_type=\"section\" data-e-type=\"section\" data-settings=\"{&quot;background_background&quot;:&quot;classic&quot;}\">\n\t\t\t\t\t\t<div class=\"elementor-container elementor-column-gap-default\">\n\t\t\t\t\t<div class=\"elementor-column elementor-col-100 elementor-top-column elementor-element elementor-element-6e2b811f\" data-id=\"6e2b811f\" data-element_type=\"column\" data-e-type=\"column\">\n\t\t\t<div class=\"elementor-widget-wrap elementor-element-populated\">\n\t\t\t\t\t\t<div class=\"elementor-element elementor-element-40ad4474 de_scroll_animation_no elementor-widget elementor-widget-text-editor\" data-id=\"40ad4474\" data-element_type=\"widget\" data-e-type=\"widget\" data-widget_type=\"text-editor.default\">\n\t\t\t\t<div class=\"elementor-widget-container\">\n\t\t\t\t\t\t\t\t\t<p>This website is published by:<\/p><p>Refuge de la Traye<br \/>Address: 73550 Les Allues, France<br \/>Phone : <a href=\"https:\/\/www.google.com\/search?client=safari&amp;rls=en&amp;q=reffuge+de+la+traye&amp;ie=UTF-8&amp;oe=UTF-8#\" data-dtype=\"d3ph\" data-local-attribute=\"d3ph\" data-ved=\"2ahUKEwjN54vjuteBAxUBcfEDHXCHAOwQkAgoAHoECEkQAw\"><span aria-label=\"Call Phone Number +33 4 58 24 04 04\">+33 4 58 24 04 04<\/span><\/a><br \/>Email: contact@refugedelatraye.com<\/p><p>\u00a0<\/p><p>This website is hosted by:<\/p><p>Maya Collection<br \/>Address: 31 Bd Princesse Charlotte, 98000 Monaco<br \/>Phone :<a href=\"https:\/\/www.google.com\/search?q=maya+collection&amp;client=safari&amp;sca_esv=570033522&amp;rls=en&amp;sxsrf=AM9HkKn8WheE520YxfQOZ4qjZmKH1nKBdA%3A1696252981087&amp;ei=NcQaZY35BIHixc8P8I6C4A4&amp;hotel_occupancy=2&amp;ved=0ahUKEwjN54vjuteBAxUBcfEDHXCHAOwQ4dUDCA8&amp;uact=5&amp;oq=maya+collection&amp;gs_lp=Egxnd3Mtd2l6LXNlcnAiD21heWEgY29sbGVjdGlvbjINEC4YrwEYxwEYigUYJzIEECMYJzIEECMYJzILEC4YrwEYxwEYgAQyBRAAGIAEMgUQABiABDIFEAAYgAQyBRAAGIAEMgsQLhiABBjHARivATILEC4YgAQYxwEYrwEyGhAuGK8BGMcBGIoFGJcFGNwEGN4EGOAE2AEBSPoaUABYxxhwAHgBkAEAmAG9AaAB5w-qAQQwLjE1uAEDyAEA-AEBwgIHECMYigUYJ8ICDRAuGIoFGMcBGK8BGCfCAggQABiKBRiRAsICCBAuGIoFGJECwgILEAAYgAQYsQMYgwHCAgsQLhiKBRixAxiDAcICERAuGIAEGLEDGIMBGMcBGNEDwgILEC4YgAQYsQMYgwHCAggQABiABBixA8ICCxAAGIoFGLEDGJECwgINEC4YgAQYFBiHAhixA8ICEBAuGIAEGBQYhwIYsQMYgwHCAggQLhiABBixA8ICCxAuGIoFGLEDGJECwgINEAAYgAQYFBiHAhixA8ICCxAuGIMBGLEDGIAEwgIaEC4YigUYxwEYrwEYlwUY3AQY3gQY4ATYAQHCAhAQLhiABBgUGIcCGMcBGK8BwgIKEAAYgAQYFBiHAsICBxAAGIAEGArCAhQQLhivARjHARiABBiYBRiZBRieBeIDBBgAIEGIBgG6BgYIARABGBQ&amp;sclient=gws-wiz-serp&amp;dlnr=1&amp;sei=hMQaZaSvINGqxc8Puai0yAY#\" data-dtype=\"d3ph\" data-local-attribute=\"d3ph\" data-ved=\"2ahUKEwjSj5iKu9eBAxWqcfEDHfGmB5wQkAgoAHoECFAQAw\"><span aria-label=\"Call Phone Number +377 92 00 12 12\">+377 92 00 12 12<\/span><\/a><\/p><p>The content of this website is protected by copyright. Any reproduction, even partial, is strictly prohibited without prior authorization from the publisher.<\/p><p>The personal data collected on this website is used only as part of the services offered by the Refuge de la Traye. They are under no circumstances transmitted to third parties without prior consent.<\/p><p>In accordance with the \u201cInformatique et Libert\u00e9s\u201d law of January 6, 1978, you have the right to access, rectify, and delete data concerning you. To exercise this right, please contact:<\/p>\t\t\t\t\t\t\t\t<\/div>\n\t\t\t\t<\/div>\n\t\t\t\t\t<\/div>\n\t\t<\/div>\n\t\t\t\t\t<\/div>\n\t\t<\/section>\n\t\t\t\t<\/div>","protected":false},"excerpt":{"rendered":"<p>Mentions L\u00e9gales Ce site web est \u00e9dit\u00e9 par : Refuge de la TrayeAdresse :\u00a073550 Les Allues, FranceT\u00e9l\u00e9phone : +33 4 58 24 04 04Email : contact@refugedelatraye.com \u00a0 Ce site web est h\u00e9berg\u00e9 par : Maya CollectionAdresse :31 Bd Princesse Charlotte, 98000 MonacoT\u00e9l\u00e9phone :+377 92 00 12 12 Le contenu de ce site web est prot\u00e9g\u00e9 [&hellip;]<\/p>\n","protected":false},"author":4,"featured_media":0,"parent":0,"menu_order":0,"comment_status":"closed","ping_status":"closed","template":"","meta":{"_eb_attr":"","footnotes":""},"class_list":["post-3393","page","type-page","status-publish","hentry"],"yoast_head":"<!-- This site is optimized with the Yoast SEO plugin v27.4 - https:\/\/yoast.com\/product\/yoast-seo-wordpress\/ -->\n<title>mentions l\u00e9gales - Refuge de la Traye<\/title>\n<meta name=\"robots\" content=\"index, follow, max-snippet:-1, max-image-preview:large, max-video-preview:-1\" \/>\n<link rel=\"canonical\" href=\"https:\/\/refugedelatraye.fr\/en\/mentions-legales\/\" \/>\n<meta property=\"og:locale\" content=\"en_GB\" \/>\n<meta property=\"og:type\" content=\"article\" \/>\n<meta property=\"og:title\" content=\"mentions l\u00e9gales - Refuge de la Traye\" \/>\n<meta property=\"og:description\" content=\"Mentions L\u00e9gales Ce site web est \u00e9dit\u00e9 par : Refuge de la TrayeAdresse :\u00a073550 Les Allues, FranceT\u00e9l\u00e9phone : +33 4 58 24 04 04Email : contact@refugedelatraye.com \u00a0 Ce site web est h\u00e9berg\u00e9 par : Maya CollectionAdresse :31 Bd Princesse Charlotte, 98000 MonacoT\u00e9l\u00e9phone :+377 92 00 12 12 Le contenu de ce site web est prot\u00e9g\u00e9 [&hellip;]\" \/>\n<meta property=\"og:url\" content=\"https:\/\/refugedelatraye.fr\/en\/mentions-legales\/\" \/>\n<meta property=\"og:site_name\" content=\"Refuge de la Traye\" \/>\n<meta property=\"article:modified_time\" content=\"2023-10-02T13:29:54+00:00\" \/>\n<meta property=\"og:image\" content=\"https:\/\/refugedelatraye.fr\/wp-content\/uploads\/2023\/09\/005-scaled.jpeg\" \/>\n\t<meta property=\"og:image:width\" content=\"2560\" \/>\n\t<meta property=\"og:image:height\" content=\"1707\" \/>\n\t<meta property=\"og:image:type\" content=\"image\/jpeg\" \/>\n<meta name=\"twitter:card\" content=\"summary_large_image\" \/>\n<meta name=\"twitter:label1\" content=\"Estimated reading time\" \/>\n\t<meta name=\"twitter:data1\" content=\"1 minute\" \/>\n<script type=\"application\/ld+json\" class=\"yoast-schema-graph\">{\"@context\":\"https:\\\/\\\/schema.org\",\"@graph\":[{\"@type\":\"WebPage\",\"@id\":\"https:\\\/\\\/refugedelatraye.fr\\\/mentions-legales\",\"url\":\"https:\\\/\\\/refugedelatraye.fr\\\/mentions-legales\",\"name\":\"mentions l\u00e9gales - Refuge de la Traye\",\"isPartOf\":{\"@id\":\"https:\\\/\\\/refugedelatraye.fr\\\/#website\"},\"datePublished\":\"2023-10-02T13:20:11+00:00\",\"dateModified\":\"2023-10-02T13:29:54+00:00\",\"breadcrumb\":{\"@id\":\"https:\\\/\\\/refugedelatraye.fr\\\/mentions-legales#breadcrumb\"},\"inLanguage\":\"en-GB\",\"potentialAction\":[{\"@type\":\"ReadAction\",\"target\":[\"https:\\\/\\\/refugedelatraye.fr\\\/mentions-legales\"]}]},{\"@type\":\"BreadcrumbList\",\"@id\":\"https:\\\/\\\/refugedelatraye.fr\\\/mentions-legales#breadcrumb\",\"itemListElement\":[{\"@type\":\"ListItem\",\"position\":1,\"name\":\"Accueil\",\"item\":\"https:\\\/\\\/refugedelatraye.fr\\\/\"},{\"@type\":\"ListItem\",\"position\":2,\"name\":\"mentions l\u00e9gales\"}]},{\"@type\":\"WebSite\",\"@id\":\"https:\\\/\\\/refugedelatraye.fr\\\/#website\",\"url\":\"https:\\\/\\\/refugedelatraye.fr\\\/\",\"name\":\"Refuge de la Traye\",\"description\":\"Luxury Mountain Resort and Spa\",\"potentialAction\":[{\"@type\":\"SearchAction\",\"target\":{\"@type\":\"EntryPoint\",\"urlTemplate\":\"https:\\\/\\\/refugedelatraye.fr\\\/?s={search_term_string}\"},\"query-input\":{\"@type\":\"PropertyValueSpecification\",\"valueRequired\":true,\"valueName\":\"search_term_string\"}}],\"inLanguage\":\"en-GB\"}]}<\/script>\n<!-- \/ Yoast SEO plugin. -->","yoast_head_json":{"title":"mentions l\u00e9gales - Refuge de la Traye","robots":{"index":"index","follow":"follow","max-snippet":"max-snippet:-1","max-image-preview":"max-image-preview:large","max-video-preview":"max-video-preview:-1"},"canonical":"https:\/\/refugedelatraye.fr\/en\/mentions-legales\/","og_locale":"en_GB","og_type":"article","og_title":"mentions l\u00e9gales - Refuge de la Traye","og_description":"Mentions L\u00e9gales Ce site web est \u00e9dit\u00e9 par : Refuge de la TrayeAdresse :\u00a073550 Les Allues, FranceT\u00e9l\u00e9phone : +33 4 58 24 04 04Email : contact@refugedelatraye.com \u00a0 Ce site web est h\u00e9berg\u00e9 par : Maya CollectionAdresse :31 Bd Princesse Charlotte, 98000 MonacoT\u00e9l\u00e9phone :+377 92 00 12 12 Le contenu de ce site web est prot\u00e9g\u00e9 [&hellip;]","og_url":"https:\/\/refugedelatraye.fr\/en\/mentions-legales\/","og_site_name":"Refuge de la Traye","article_modified_time":"2023-10-02T13:29:54+00:00","og_image":[{"width":2560,"height":1707,"url":"https:\/\/refugedelatraye.fr\/wp-content\/uploads\/2023\/09\/005-scaled.jpeg","type":"image\/jpeg"}],"twitter_card":"summary_large_image","twitter_misc":{"Estimated reading time":"1 minute"},"schema":{"@context":"https:\/\/schema.org","@graph":[{"@type":"WebPage","@id":"https:\/\/refugedelatraye.fr\/mentions-legales","url":"https:\/\/refugedelatraye.fr\/mentions-legales","name":"mentions l\u00e9gales - Refuge de la Traye","isPartOf":{"@id":"https:\/\/refugedelatraye.fr\/#website"},"datePublished":"2023-10-02T13:20:11+00:00","dateModified":"2023-10-02T13:29:54+00:00","breadcrumb":{"@id":"https:\/\/refugedelatraye.fr\/mentions-legales#breadcrumb"},"inLanguage":"en-GB","potentialAction":[{"@type":"ReadAction","target":["https:\/\/refugedelatraye.fr\/mentions-legales"]}]},{"@type":"BreadcrumbList","@id":"https:\/\/refugedelatraye.fr\/mentions-legales#breadcrumb","itemListElement":[{"@type":"ListItem","position":1,"name":"Accueil","item":"https:\/\/refugedelatraye.fr\/"},{"@type":"ListItem","position":2,"name":"mentions l\u00e9gales"}]},{"@type":"WebSite","@id":"https:\/\/refugedelatraye.fr\/#website","url":"https:\/\/refugedelatraye.fr\/","name":"Refuge de la Traye","description":"Luxury Mountain Resort and Spa","potentialAction":[{"@type":"SearchAction","target":{"@type":"EntryPoint","urlTemplate":"https:\/\/refugedelatraye.fr\/?s={search_term_string}"},"query-input":{"@type":"PropertyValueSpecification","valueRequired":true,"valueName":"search_term_string"}}],"inLanguage":"en-GB"}]}},"jetpack_sharing_enabled":true,"_links":{"self":[{"href":"https:\/\/refugedelatraye.fr\/en\/wp-json\/wp\/v2\/pages\/3393","targetHints":{"allow":["GET"]}}],"collection":[{"href":"https:\/\/refugedelatraye.fr\/en\/wp-json\/wp\/v2\/pages"}],"about":[{"href":"https:\/\/refugedelatraye.fr\/en\/wp-json\/wp\/v2\/types\/page"}],"author":[{"embeddable":true,"href":"https:\/\/refugedelatraye.fr\/en\/wp-json\/wp\/v2\/users\/4"}],"replies":[{"embeddable":true,"href":"https:\/\/refugedelatraye.fr\/en\/wp-json\/wp\/v2\/comments?post=3393"}],"version-history":[{"count":8,"href":"https:\/\/refugedelatraye.fr\/en\/wp-json\/wp\/v2\/pages\/3393\/revisions"}],"predecessor-version":[{"id":3410,"href":"https:\/\/refugedelatraye.fr\/en\/wp-json\/wp\/v2\/pages\/3393\/revisions\/3410"}],"wp:attachment":[{"href":"https:\/\/refugedelatraye.fr\/en\/wp-json\/wp\/v2\/media?parent=3393"}],"curies":[{"name":"wp","href":"https:\/\/api.w.org\/{rel}","templated":true}]}}