{"id":3416,"date":"2023-10-02T13:37:16","date_gmt":"2023-10-02T13:37:16","guid":{"rendered":"https:\/\/refugedelatraye.fr\/?page_id=3416"},"modified":"2023-10-02T13:48:12","modified_gmt":"2023-10-02T13:48:12","slug":"politique-de-cookies","status":"publish","type":"page","link":"https:\/\/refugedelatraye.fr\/en\/politique-de-cookies","title":{"rendered":"Cookies Policy"},"content":{"rendered":"<style>.elementor-3416 .elementor-element.elementor-element-1578303f > .elementor-container{max-width:1170px;}.elementor-3416 .elementor-element.elementor-element-1578303f:not(.elementor-motion-effects-element-type-background), .elementor-3416 .elementor-element.elementor-element-1578303f > .elementor-motion-effects-container > .elementor-motion-effects-layer{background-color:var( --e-global-color-primary );background-image:url(\"https:\/\/refugedelatraye.fr\/wp-content\/uploads\/2023\/10\/hebergement-luxe-alpes-francaises.jpeg\");background-position:0px 68%;background-repeat:no-repeat;background-size:cover;}.elementor-3416 .elementor-element.elementor-element-1578303f > .elementor-background-overlay{background-color:#00000038;opacity:1;transition:background 0.3s, border-radius 0.3s, opacity 0.3s;}.elementor-3416 .elementor-element.elementor-element-1578303f{transition:all 400ms;margin-top:-91px;margin-bottom:0px;padding:160px 0px 160px 0px;z-index:0;}.elementor-3416 .elementor-element.elementor-element-2f0ac8cd{transition:all 400ms;}.elementor-3416 .elementor-element.elementor-element-5404341e{text-align:center;transition:all 400ms;}.elementor-3416 .elementor-element.elementor-element-5404341e .elementor-heading-title{color:var( --e-global-color-secondary );}.elementor-3416 .elementor-element.elementor-element-772040e9 > .elementor-container{max-width:1200px;}.elementor-3416 .elementor-element.elementor-element-772040e9{transition:all 400ms;padding:100px 0px 100px 0px;}.elementor-3416 .elementor-element.elementor-element-772040e9 > .elementor-background-overlay{transition:background 0.3s, border-radius 0.3s, opacity 0.3s;}.elementor-3416 .elementor-element.elementor-element-6e2b811f.elementor-column > .elementor-widget-wrap{justify-content:center;}.elementor-3416 .elementor-element.elementor-element-6e2b811f{transition:all 400ms;}.elementor-3416 .elementor-element.elementor-element-40ad4474{text-align:center;font-family:var( --e-global-typography-text-font-family ), Sans-serif;font-weight:var( --e-global-typography-text-font-weight );color:var( --e-global-color-text );transition:all 400ms;}.elementor-3416 .elementor-element.elementor-element-40ad4474 > .elementor-widget-container{padding:0% 26% 0% 26%;}@media(max-width:1024px){.elementor-3416 .elementor-element.elementor-element-1578303f:not(.elementor-motion-effects-element-type-background), .elementor-3416 .elementor-element.elementor-element-1578303f > .elementor-motion-effects-container > .elementor-motion-effects-layer{background-position:center center;}.elementor-3416 .elementor-element.elementor-element-1578303f{margin-top:0px;margin-bottom:0px;padding:100px 10px 120px 10px;}.elementor-3416 .elementor-element.elementor-element-772040e9{padding:80px 10px 80px 10px;}.elementor-3416 .elementor-element.elementor-element-6e2b811f > .elementor-element-populated{padding:0px 10px 0px 10px;}.elementor-3416 .elementor-element.elementor-element-40ad4474 > .elementor-widget-container{margin:0px 0px 0px 0px;padding:0% 10% 0% 10%;}}@media(max-width:767px){.elementor-3416 .elementor-element.elementor-element-1578303f{margin-top:0px;margin-bottom:0px;padding:40px 10px 80px 10px;}.elementor-3416 .elementor-element.elementor-element-772040e9{padding:40px 10px 40px 10px;}.elementor-3416 .elementor-element.elementor-element-40ad4474 > .elementor-widget-container{padding:0px 0px 0px 0px;}}<\/style>\t\t<div data-elementor-type=\"wp-page\" data-elementor-id=\"3416\" class=\"elementor elementor-3416\" data-elementor-post-type=\"page\">\n\t\t\t\t\t\t<section class=\"elementor-section elementor-top-section elementor-element elementor-element-1578303f elementor-section-boxed elementor-section-height-default elementor-section-height-default\" data-id=\"1578303f\" data-element_type=\"section\" data-e-type=\"section\" data-settings=\"{&quot;background_background&quot;:&quot;classic&quot;}\">\n\t\t\t\t\t\t\t<div class=\"elementor-background-overlay\"><\/div>\n\t\t\t\t\t\t\t<div class=\"elementor-container elementor-column-gap-default\">\n\t\t\t\t\t<div class=\"elementor-column elementor-col-100 elementor-top-column elementor-element elementor-element-2f0ac8cd\" data-id=\"2f0ac8cd\" data-element_type=\"column\" data-e-type=\"column\">\n\t\t\t<div class=\"elementor-widget-wrap elementor-element-populated\">\n\t\t\t\t\t\t<div class=\"elementor-element elementor-element-5404341e de_scroll_animation_no elementor-widget elementor-widget-heading\" data-id=\"5404341e\" data-element_type=\"widget\" data-e-type=\"widget\" data-widget_type=\"heading.default\">\n\t\t\t\t<div class=\"elementor-widget-container\">\n\t\t\t\t\t<h2 class=\"elementor-heading-title elementor-size-default\">Cookies Policy\n<\/h2>\t\t\t\t<\/div>\n\t\t\t\t<\/div>\n\t\t\t\t\t<\/div>\n\t\t<\/div>\n\t\t\t\t\t<\/div>\n\t\t<\/section>\n\t\t\t\t<section class=\"elementor-section elementor-top-section elementor-element elementor-element-772040e9 elementor-section-boxed elementor-section-height-default elementor-section-height-default\" data-id=\"772040e9\" data-element_type=\"section\" data-e-type=\"section\" data-settings=\"{&quot;background_background&quot;:&quot;classic&quot;}\">\n\t\t\t\t\t\t<div class=\"elementor-container elementor-column-gap-default\">\n\t\t\t\t\t<div class=\"elementor-column elementor-col-100 elementor-top-column elementor-element elementor-element-6e2b811f\" data-id=\"6e2b811f\" data-element_type=\"column\" data-e-type=\"column\">\n\t\t\t<div class=\"elementor-widget-wrap elementor-element-populated\">\n\t\t\t\t\t\t<div class=\"elementor-element elementor-element-40ad4474 de_scroll_animation_no elementor-widget elementor-widget-text-editor\" data-id=\"40ad4474\" data-element_type=\"widget\" data-e-type=\"widget\" data-widget_type=\"text-editor.default\">\n\t\t\t\t<div class=\"elementor-widget-container\">\n\t\t\t\t\t\t\t\t\t<p><strong>Cookies Policy<\/strong><\/p><p>\u00a0<\/p><p>This Cookies Policy explains how the Refuge de la Traye website (hereinafter referred to as \u201cthe Site\u201d) uses cookies and similar technologies to collect and store information when you visit our site. By using our site, you consent to the use of cookies in accordance with this policy.<\/p><p><strong>1. What are cookies?<\/strong><\/p><p>A cookie is a small text file that is stored on your computer or mobile device when you visit a website. It allows the website to remember your actions and preferences (such as your chosen language and other settings) over a period of time. Cookies are widely used to improve users&#039; browsing experience and provide useful information to website owners.<\/p><p><strong>2. Types of cookies used<\/strong><\/p><p>The Site uses the following types of cookies:<\/p><p>&#8211;<strong> Essential cookies<\/strong> : These cookies are necessary for the proper functioning of the Site. They allow you to navigate the Site and use its basic functionalities.<\/p><p>&#8211; <strong>Performance cookies:<\/strong> These cookies collect anonymous information about how visitors use the Site, such as the pages most visited and any error messages. This data helps us improve the performance of the Site.<\/p><p>&#8211; <strong>Functionality cookies:<\/strong> These cookies allow the Site to remember your choices and personalize your browsing experience. They may be used to provide you with enhanced functionality.<\/p><p>&#8211; <strong>Targeting and advertising cookies:<\/strong> These cookies are used to display advertisements that are relevant to you and to measure the effectiveness of our advertising campaigns. They may also be used by third parties to show you advertisements on other websites.<\/p><p><strong>3. Cookie management<\/strong><\/p><p>You can control and manage cookies at any time by changing your browser settings. You have the option to accept, refuse or delete them. Note that refusing cookies may affect your browsing experience on the Site.<\/p><p><strong>4. Contact<\/strong><\/p><p>If you have any questions or concerns regarding our Cookies Policy, please contact us at:<\/p><p>Address: 31 Bd Princesse Charlotte, 98000 Monaco<br \/>Phone : <a href=\"https:\/\/www.google.com\/search?q=maya+collection&amp;client=safari&amp;sca_esv=570033522&amp;rls=en&amp;sxsrf=AM9HkKn8WheE520YxfQOZ4qjZmKH1nKBdA%3A1696252981087&amp;ei=NcQaZY35BIHixc8P8I6C4A4&amp;hotel_occupancy=2&amp;ved=0ahUKEwjN54vjuteBAxUBcfEDHXCHAOwQ4dUDCA8&amp;uact=5&amp;oq=maya+collection&amp;gs_lp=Egxnd3Mtd2l6LXNlcnAiD21heWEgY29sbGVjdGlvbjINEC4YrwEYxwEYigUYJzIEECMYJzIEECMYJzILEC4YrwEYxwEYgAQyBRAAGIAEMgUQABiABDIFEAAYgAQyBRAAGIAEMgsQLhiABBjHARivATILEC4YgAQYxwEYrwEyGhAuGK8BGMcBGIoFGJcFGNwEGN4EGOAE2AEBSPoaUABYxxhwAHgBkAEAmAG9AaAB5w-qAQQwLjE1uAEDyAEA-AEBwgIHECMYigUYJ8ICDRAuGIoFGMcBGK8BGCfCAggQABiKBRiRAsICCBAuGIoFGJECwgILEAAYgAQYsQMYgwHCAgsQLhiKBRixAxiDAcICERAuGIAEGLEDGIMBGMcBGNEDwgILEC4YgAQYsQMYgwHCAggQABiABBixA8ICCxAAGIoFGLEDGJECwgINEC4YgAQYFBiHAhixA8ICEBAuGIAEGBQYhwIYsQMYgwHCAggQLhiABBixA8ICCxAuGIoFGLEDGJECwgINEAAYgAQYFBiHAhixA8ICCxAuGIMBGLEDGIAEwgIaEC4YigUYxwEYrwEYlwUY3AQY3gQY4ATYAQHCAhAQLhiABBgUGIcCGMcBGK8BwgIKEAAYgAQYFBiHAsICBxAAGIAEGArCAhQQLhivARjHARiABBiYBRiZBRieBeIDBBgAIEGIBgG6BgYIARABGBQ&amp;sclient=gws-wiz-serp&amp;dlnr=1&amp;sei=hMQaZaSvINGqxc8Puai0yAY#\" data-dtype=\"d3ph\" data-local-attribute=\"d3ph\" data-ved=\"2ahUKEwjSj5iKu9eBAxWqcfEDHfGmB5wQkAgoAHoECFAQAw\"><span aria-label=\"Call Phone Number +377 92 00 12 12\">+377 92 00 12 12<\/span><\/a><br \/>Email: contact@mayacollection.mc<\/p><p><strong>5. Changes to the Cookies Policy<\/strong><\/p><p>We reserve the right to update this Cookies Policy at any time. We encourage you to check this page regularly for any changes. The date of the last update will be indicated at the top of this page.<\/p>\t\t\t\t\t\t\t\t<\/div>\n\t\t\t\t<\/div>\n\t\t\t\t\t<\/div>\n\t\t<\/div>\n\t\t\t\t\t<\/div>\n\t\t<\/section>\n\t\t\t\t<\/div>","protected":false},"excerpt":{"rendered":"<p>Politique de Cookies Politique de Cookies \u00a0 La pr\u00e9sente Politique de Cookies explique comment le site web du Refuge de la Traye (ci-apr\u00e8s d\u00e9nomm\u00e9 \u00ab\u00a0le Site\u00a0\u00bb) utilise des cookies et des technologies similaires pour collecter et stocker des informations lorsque vous visitez notre site. En utilisant notre site, vous consentez \u00e0 l&rsquo;utilisation de cookies conform\u00e9ment [&hellip;]<\/p>\n","protected":false},"author":4,"featured_media":0,"parent":0,"menu_order":0,"comment_status":"closed","ping_status":"closed","template":"","meta":{"_eb_attr":"","footnotes":""},"class_list":["post-3416","page","type-page","status-publish","hentry"],"yoast_head":"<!-- This site is optimized with the Yoast SEO plugin v27.4 - https:\/\/yoast.com\/product\/yoast-seo-wordpress\/ -->\n<title>Politique de Cookies - Refuge de la Traye<\/title>\n<meta name=\"robots\" content=\"index, follow, max-snippet:-1, max-image-preview:large, max-video-preview:-1\" \/>\n<link rel=\"canonical\" href=\"https:\/\/refugedelatraye.fr\/en\/politique-de-cookies\/\" \/>\n<meta property=\"og:locale\" content=\"en_GB\" \/>\n<meta property=\"og:type\" content=\"article\" \/>\n<meta property=\"og:title\" content=\"Politique de Cookies - Refuge de la Traye\" \/>\n<meta property=\"og:description\" content=\"Politique de Cookies Politique de Cookies \u00a0 La pr\u00e9sente Politique de Cookies explique comment le site web du Refuge de la Traye (ci-apr\u00e8s d\u00e9nomm\u00e9 \u00ab\u00a0le Site\u00a0\u00bb) utilise des cookies et des technologies similaires pour collecter et stocker des informations lorsque vous visitez notre site. En utilisant notre site, vous consentez \u00e0 l&rsquo;utilisation de cookies conform\u00e9ment [&hellip;]\" \/>\n<meta property=\"og:url\" content=\"https:\/\/refugedelatraye.fr\/en\/politique-de-cookies\/\" \/>\n<meta property=\"og:site_name\" content=\"Refuge de la Traye\" \/>\n<meta property=\"article:modified_time\" content=\"2023-10-02T13:48:12+00:00\" \/>\n<meta property=\"og:image\" content=\"https:\/\/refugedelatraye.fr\/wp-content\/uploads\/2023\/09\/005-scaled.jpeg\" \/>\n\t<meta property=\"og:image:width\" content=\"2560\" \/>\n\t<meta property=\"og:image:height\" content=\"1707\" \/>\n\t<meta property=\"og:image:type\" content=\"image\/jpeg\" \/>\n<meta name=\"twitter:card\" content=\"summary_large_image\" \/>\n<meta name=\"twitter:label1\" content=\"Estimated reading time\" \/>\n\t<meta name=\"twitter:data1\" content=\"3 minutes\" \/>\n<script type=\"application\/ld+json\" class=\"yoast-schema-graph\">{\"@context\":\"https:\\\/\\\/schema.org\",\"@graph\":[{\"@type\":\"WebPage\",\"@id\":\"https:\\\/\\\/refugedelatraye.fr\\\/politique-de-cookies\",\"url\":\"https:\\\/\\\/refugedelatraye.fr\\\/politique-de-cookies\",\"name\":\"Politique de Cookies - Refuge de la Traye\",\"isPartOf\":{\"@id\":\"https:\\\/\\\/refugedelatraye.fr\\\/#website\"},\"datePublished\":\"2023-10-02T13:37:16+00:00\",\"dateModified\":\"2023-10-02T13:48:12+00:00\",\"breadcrumb\":{\"@id\":\"https:\\\/\\\/refugedelatraye.fr\\\/politique-de-cookies#breadcrumb\"},\"inLanguage\":\"en-GB\",\"potentialAction\":[{\"@type\":\"ReadAction\",\"target\":[\"https:\\\/\\\/refugedelatraye.fr\\\/politique-de-cookies\"]}]},{\"@type\":\"BreadcrumbList\",\"@id\":\"https:\\\/\\\/refugedelatraye.fr\\\/politique-de-cookies#breadcrumb\",\"itemListElement\":[{\"@type\":\"ListItem\",\"position\":1,\"name\":\"Accueil\",\"item\":\"https:\\\/\\\/refugedelatraye.fr\\\/\"},{\"@type\":\"ListItem\",\"position\":2,\"name\":\"Politique de Cookies\"}]},{\"@type\":\"WebSite\",\"@id\":\"https:\\\/\\\/refugedelatraye.fr\\\/#website\",\"url\":\"https:\\\/\\\/refugedelatraye.fr\\\/\",\"name\":\"Refuge de la Traye\",\"description\":\"Luxury Mountain Resort and Spa\",\"potentialAction\":[{\"@type\":\"SearchAction\",\"target\":{\"@type\":\"EntryPoint\",\"urlTemplate\":\"https:\\\/\\\/refugedelatraye.fr\\\/?s={search_term_string}\"},\"query-input\":{\"@type\":\"PropertyValueSpecification\",\"valueRequired\":true,\"valueName\":\"search_term_string\"}}],\"inLanguage\":\"en-GB\"}]}<\/script>\n<!-- \/ Yoast SEO plugin. -->","yoast_head_json":{"title":"Politique de Cookies - Refuge de la Traye","robots":{"index":"index","follow":"follow","max-snippet":"max-snippet:-1","max-image-preview":"max-image-preview:large","max-video-preview":"max-video-preview:-1"},"canonical":"https:\/\/refugedelatraye.fr\/en\/politique-de-cookies\/","og_locale":"en_GB","og_type":"article","og_title":"Politique de Cookies - Refuge de la Traye","og_description":"Politique de Cookies Politique de Cookies \u00a0 La pr\u00e9sente Politique de Cookies explique comment le site web du Refuge de la Traye (ci-apr\u00e8s d\u00e9nomm\u00e9 \u00ab\u00a0le Site\u00a0\u00bb) utilise des cookies et des technologies similaires pour collecter et stocker des informations lorsque vous visitez notre site. En utilisant notre site, vous consentez \u00e0 l&rsquo;utilisation de cookies conform\u00e9ment [&hellip;]","og_url":"https:\/\/refugedelatraye.fr\/en\/politique-de-cookies\/","og_site_name":"Refuge de la Traye","article_modified_time":"2023-10-02T13:48:12+00:00","og_image":[{"width":2560,"height":1707,"url":"https:\/\/refugedelatraye.fr\/wp-content\/uploads\/2023\/09\/005-scaled.jpeg","type":"image\/jpeg"}],"twitter_card":"summary_large_image","twitter_misc":{"Estimated reading time":"3 minutes"},"schema":{"@context":"https:\/\/schema.org","@graph":[{"@type":"WebPage","@id":"https:\/\/refugedelatraye.fr\/politique-de-cookies","url":"https:\/\/refugedelatraye.fr\/politique-de-cookies","name":"Politique de Cookies - Refuge de la Traye","isPartOf":{"@id":"https:\/\/refugedelatraye.fr\/#website"},"datePublished":"2023-10-02T13:37:16+00:00","dateModified":"2023-10-02T13:48:12+00:00","breadcrumb":{"@id":"https:\/\/refugedelatraye.fr\/politique-de-cookies#breadcrumb"},"inLanguage":"en-GB","potentialAction":[{"@type":"ReadAction","target":["https:\/\/refugedelatraye.fr\/politique-de-cookies"]}]},{"@type":"BreadcrumbList","@id":"https:\/\/refugedelatraye.fr\/politique-de-cookies#breadcrumb","itemListElement":[{"@type":"ListItem","position":1,"name":"Accueil","item":"https:\/\/refugedelatraye.fr\/"},{"@type":"ListItem","position":2,"name":"Politique de Cookies"}]},{"@type":"WebSite","@id":"https:\/\/refugedelatraye.fr\/#website","url":"https:\/\/refugedelatraye.fr\/","name":"Refuge de la Traye","description":"Luxury Mountain Resort and Spa","potentialAction":[{"@type":"SearchAction","target":{"@type":"EntryPoint","urlTemplate":"https:\/\/refugedelatraye.fr\/?s={search_term_string}"},"query-input":{"@type":"PropertyValueSpecification","valueRequired":true,"valueName":"search_term_string"}}],"inLanguage":"en-GB"}]}},"jetpack_sharing_enabled":true,"_links":{"self":[{"href":"https:\/\/refugedelatraye.fr\/en\/wp-json\/wp\/v2\/pages\/3416","targetHints":{"allow":["GET"]}}],"collection":[{"href":"https:\/\/refugedelatraye.fr\/en\/wp-json\/wp\/v2\/pages"}],"about":[{"href":"https:\/\/refugedelatraye.fr\/en\/wp-json\/wp\/v2\/types\/page"}],"author":[{"embeddable":true,"href":"https:\/\/refugedelatraye.fr\/en\/wp-json\/wp\/v2\/users\/4"}],"replies":[{"embeddable":true,"href":"https:\/\/refugedelatraye.fr\/en\/wp-json\/wp\/v2\/comments?post=3416"}],"version-history":[{"count":7,"href":"https:\/\/refugedelatraye.fr\/en\/wp-json\/wp\/v2\/pages\/3416\/revisions"}],"predecessor-version":[{"id":3431,"href":"https:\/\/refugedelatraye.fr\/en\/wp-json\/wp\/v2\/pages\/3416\/revisions\/3431"}],"wp:attachment":[{"href":"https:\/\/refugedelatraye.fr\/en\/wp-json\/wp\/v2\/media?parent=3416"}],"curies":[{"name":"wp","href":"https:\/\/api.w.org\/{rel}","templated":true}]}}