{"id":4430,"date":"2025-11-03T13:12:41","date_gmt":"2025-11-03T13:12:41","guid":{"rendered":"https:\/\/refugedelatraye.fr\/?page_id=4430"},"modified":"2025-11-04T10:45:29","modified_gmt":"2025-11-04T10:45:29","slug":"forlled","status":"publish","type":"page","link":"https:\/\/refugedelatraye.fr\/en\/forlled","title":{"rendered":"Forlle&rsquo;d"},"content":{"rendered":"<div data-elementor-type=\"wp-page\" data-elementor-id=\"4430\" class=\"elementor elementor-4430\" data-elementor-post-type=\"page\">\n\t\t\t\t\t\t<section class=\"elementor-section elementor-top-section elementor-element elementor-element-26366b3 elementor-section-content-middle elementor-section-full_width elementor-section-height-full elementor-section-height-default elementor-section-items-middle\" data-id=\"26366b3\" data-element_type=\"section\" data-e-type=\"section\" data-settings=\"{&quot;background_background&quot;:&quot;video&quot;,&quot;background_video_link&quot;:&quot;https:\\\/\\\/refugedelatraye.com\\\/wp-content\\\/uploads\\\/2022\\\/07\\\/SPA.mp4&quot;,&quot;background_play_on_mobile&quot;:&quot;yes&quot;}\">\n\t\t\t\t\t\t\t\t<div class=\"elementor-background-video-container\">\n\t\t\t\t\t\t\t\t\t\t\t\t\t<video class=\"elementor-background-video-hosted\" role=\"presentation\" autoplay muted playsinline loop><\/video>\n\t\t\t\t\t\t\t\t\t\t\t<\/div>\n\t\t\t\t\t\t\t\t\t<div class=\"elementor-background-overlay\"><\/div>\n\t\t\t\t\t\t\t<div class=\"elementor-container elementor-column-gap-no\">\n\t\t\t\t\t<div class=\"elementor-column elementor-col-100 elementor-top-column elementor-element elementor-element-35fb6894\" data-id=\"35fb6894\" data-element_type=\"column\" data-e-type=\"column\">\n\t\t\t<div class=\"elementor-widget-wrap elementor-element-populated\">\n\t\t\t\t\t\t<section class=\"elementor-section elementor-inner-section elementor-element elementor-element-3d65f49f elementor-section-boxed elementor-section-height-default elementor-section-height-default\" data-id=\"3d65f49f\" data-element_type=\"section\" data-e-type=\"section\">\n\t\t\t\t\t\t<div class=\"elementor-container elementor-column-gap-default\">\n\t\t\t\t\t<div class=\"elementor-column elementor-col-100 elementor-inner-column elementor-element elementor-element-4fb34ab2\" data-id=\"4fb34ab2\" data-element_type=\"column\" data-e-type=\"column\">\n\t\t\t<div class=\"elementor-widget-wrap elementor-element-populated\">\n\t\t\t\t\t\t<div class=\"elementor-element elementor-element-368daeb de_scroll_animation_no elementor-widget elementor-widget-spacer\" data-id=\"368daeb\" data-element_type=\"widget\" data-e-type=\"widget\" data-widget_type=\"spacer.default\">\n\t\t\t\t<div class=\"elementor-widget-container\">\n\t\t\t\t\t\t\t<div class=\"elementor-spacer\">\n\t\t\t<div class=\"elementor-spacer-inner\"><\/div>\n\t\t<\/div>\n\t\t\t\t\t\t<\/div>\n\t\t\t\t<\/div>\n\t\t\t\t<div class=\"elementor-element elementor-element-11a25f31 de_scroll_animation_no elementor-widget elementor-widget-spacer\" data-id=\"11a25f31\" data-element_type=\"widget\" data-e-type=\"widget\" data-widget_type=\"spacer.default\">\n\t\t\t\t<div class=\"elementor-widget-container\">\n\t\t\t\t\t\t\t<div class=\"elementor-spacer\">\n\t\t\t<div class=\"elementor-spacer-inner\"><\/div>\n\t\t<\/div>\n\t\t\t\t\t\t<\/div>\n\t\t\t\t<\/div>\n\t\t\t\t<div class=\"elementor-element elementor-element-17a4296d de_scroll_animation_no elementor-widget elementor-widget-spacer\" data-id=\"17a4296d\" data-element_type=\"widget\" data-e-type=\"widget\" data-widget_type=\"spacer.default\">\n\t\t\t\t<div class=\"elementor-widget-container\">\n\t\t\t\t\t\t\t<div class=\"elementor-spacer\">\n\t\t\t<div class=\"elementor-spacer-inner\"><\/div>\n\t\t<\/div>\n\t\t\t\t\t\t<\/div>\n\t\t\t\t<\/div>\n\t\t\t\t<div class=\"elementor-element elementor-element-2ba0d8ce de_scroll_animation_no elementor-widget elementor-widget-heading\" data-id=\"2ba0d8ce\" data-element_type=\"widget\" data-e-type=\"widget\" data-widget_type=\"heading.default\">\n\t\t\t\t<div class=\"elementor-widget-container\">\n\t\t\t\t\t<h1 class=\"elementor-heading-title elementor-size-default\">Forlle'd<\/h1>\t\t\t\t<\/div>\n\t\t\t\t<\/div>\n\t\t\t\t\t<\/div>\n\t\t<\/div>\n\t\t\t\t\t<\/div>\n\t\t<\/section>\n\t\t\t\t\t<\/div>\n\t\t<\/div>\n\t\t\t\t\t<\/div>\n\t\t<\/section>\n\t\t\t\t<section class=\"elementor-section elementor-top-section elementor-element elementor-element-767c59f elementor-section-boxed elementor-section-height-default elementor-section-height-default\" data-id=\"767c59f\" data-element_type=\"section\" data-e-type=\"section\" data-settings=\"{&quot;background_background&quot;:&quot;classic&quot;}\">\n\t\t\t\t\t\t\t<div class=\"elementor-background-overlay\"><\/div>\n\t\t\t\t\t\t\t<div class=\"elementor-container elementor-column-gap-default\">\n\t\t\t\t\t<div class=\"elementor-column elementor-col-100 elementor-top-column elementor-element elementor-element-58305d40\" data-id=\"58305d40\" data-element_type=\"column\" data-e-type=\"column\">\n\t\t\t<div class=\"elementor-widget-wrap elementor-element-populated\">\n\t\t\t\t\t\t<div class=\"elementor-element elementor-element-4e230bd0 de_scroll_animation_no elementor-invisible elementor-widget elementor-widget-image\" data-id=\"4e230bd0\" data-element_type=\"widget\" data-e-type=\"widget\" data-settings=\"{&quot;_animation&quot;:&quot;fadeInUp&quot;}\" data-widget_type=\"image.default\">\n\t\t\t\t<div class=\"elementor-widget-container\">\n\t\t\t\t\t\t\t\t\t\t\t\t\t\t\t<img fetchpriority=\"high\" decoding=\"async\" width=\"883\" height=\"629\" src=\"https:\/\/refugedelatraye.fr\/wp-content\/uploads\/2023\/08\/RDLT-logo-2022-copie.png\" class=\"attachment-full size-full wp-image-1124\" alt=\"\" srcset=\"https:\/\/refugedelatraye.fr\/wp-content\/uploads\/2023\/08\/RDLT-logo-2022-copie.png 883w, https:\/\/refugedelatraye.fr\/wp-content\/uploads\/2023\/08\/RDLT-logo-2022-copie-600x427.png 600w, https:\/\/refugedelatraye.fr\/wp-content\/uploads\/2023\/08\/RDLT-logo-2022-copie-300x214.png 300w, https:\/\/refugedelatraye.fr\/wp-content\/uploads\/2023\/08\/RDLT-logo-2022-copie-768x547.png 768w\" sizes=\"(max-width: 883px) 100vw, 883px\" \/>\t\t\t\t\t\t\t\t\t\t\t\t\t\t\t<\/div>\n\t\t\t\t<\/div>\n\t\t\t\t<div class=\"elementor-element elementor-element-4e7d5377 animated-fast de_scroll_animation_no elementor-invisible elementor-widget elementor-widget-heading\" data-id=\"4e7d5377\" data-element_type=\"widget\" data-e-type=\"widget\" data-settings=\"{&quot;_animation&quot;:&quot;fadeInDown&quot;,&quot;_animation_delay&quot;:300}\" data-widget_type=\"heading.default\">\n\t\t\t\t<div class=\"elementor-widget-container\">\n\t\t\t\t\t<h2 class=\"elementor-heading-title elementor-size-default\">The science of timeless skin<\/h2>\t\t\t\t<\/div>\n\t\t\t\t<\/div>\n\t\t\t\t<div class=\"elementor-element elementor-element-4089d60b elementor-widget__width-initial elementor-widget-tablet__width-initial elementor-widget-mobile__width-inherit de_scroll_animation_no elementor-invisible elementor-widget elementor-widget-text-editor\" data-id=\"4089d60b\" data-element_type=\"widget\" data-e-type=\"widget\" data-settings=\"{&quot;_animation&quot;:&quot;fadeInUp&quot;,&quot;_animation_delay&quot;:140}\" data-widget_type=\"text-editor.default\">\n\t\t\t\t<div class=\"elementor-widget-container\">\n\t\t\t\t\t\t\t\t\t<p><b>At the heart of the five-star spa at the Refuge de la Traye, an experience awaits \u2014 one that transcends the boundaries of traditional skincare.<br \/><\/b>Nestled on the mountainside, surrounded by forest and immersed in silence, the Refuge de la Traye is a secluded haven where nature reigns supreme. In this exceptional setting, Forlle\u2019d finds its perfect harmony, bridging the purity of the Alps with the refined essence of Japan.<\/p><p>A ritual where the most advanced Japanese dermocosmetic science meets the ancestral wisdom of beauty and purification.<\/p><p>Forlle\u2019d is a professional Japanese skincare brand at the forefront of innovation, born from cutting-edge scientific research and based on technology recognized by the Nobel Prize.<br \/>From this breakthrough, the Forlle\u2019d laboratories developed a low-molecular-weight hyaluronic acid, a true innovation that became the foundation of all the brand\u2019s formulations.<br \/>Thanks to this scientific advancement, Forlle\u2019d delivers deep cellular regeneration, encouraging natural, lasting, and uncompromised beauty.<\/p><p>What makes this experience truly unique is its refined Japanese-inspired double cleansing ritual, combined with the use of delicate brushes performing a soothing lymphatic massage, stimulating microcirculation and awakening both skin and senses.<br \/>The Forlle\u2019d massage, inspired by the ancestral art of Kobido, extends this holistic journey through precise, harmonious movements that lift, tone, and illuminate the complexion while inducing profound relaxation.<\/p><p>With their ultra-low molecular weight components, Forlle\u2019d formulas penetrate the deepest layers of the skin, restoring it from within \u2014 gently, effectively, and with visible results from the very first session.<\/p><p>Our therapists will guide you through a ritual of serenity and renewal, inspired by Japanese ceremonies of harmony and purity.<br \/>Every element, every gesture, every note of music is carefully chosen to awaken the senses and reveal your skin\u2019s natural radiance and vitality.<\/p><p>This is more than a treatment \u2014 it is a journey toward inner balance and outer perfection.<br \/>Forlle\u2019d at the Refuge de la Traye is an invitation to immerse yourself in the very essence of Japanese aesthetics \u2014 purity, elegance, and timeless youth.<\/p>\t\t\t\t\t\t\t\t<\/div>\n\t\t\t\t<\/div>\n\t\t\t\t<div class=\"elementor-element elementor-element-14a855a de_scroll_animation_no elementor-widget elementor-widget-image\" data-id=\"14a855a\" data-element_type=\"widget\" data-e-type=\"widget\" data-widget_type=\"image.default\">\n\t\t\t\t<div class=\"elementor-widget-container\">\n\t\t\t\t\t\t\t\t\t\t\t\t\t\t\t<img decoding=\"async\" width=\"768\" height=\"768\" src=\"https:\/\/refugedelatraye.fr\/wp-content\/uploads\/2025\/11\/Treatment-768x768.jpeg\" class=\"attachment-medium_large size-medium_large wp-image-4424\" alt=\"\" srcset=\"https:\/\/refugedelatraye.fr\/wp-content\/uploads\/2025\/11\/Treatment-768x768.jpeg 768w, https:\/\/refugedelatraye.fr\/wp-content\/uploads\/2025\/11\/Treatment-300x300.jpeg 300w, https:\/\/refugedelatraye.fr\/wp-content\/uploads\/2025\/11\/Treatment-1024x1024.jpeg 1024w, https:\/\/refugedelatraye.fr\/wp-content\/uploads\/2025\/11\/Treatment-150x150.jpeg 150w, https:\/\/refugedelatraye.fr\/wp-content\/uploads\/2025\/11\/Treatment-1536x1536.jpeg 1536w, https:\/\/refugedelatraye.fr\/wp-content\/uploads\/2025\/11\/Treatment-2048x2048.jpeg 2048w, https:\/\/refugedelatraye.fr\/wp-content\/uploads\/2025\/11\/Treatment-12x12.jpeg 12w, https:\/\/refugedelatraye.fr\/wp-content\/uploads\/2025\/11\/Treatment-600x600.jpeg 600w, https:\/\/refugedelatraye.fr\/wp-content\/uploads\/2025\/11\/Treatment-100x100.jpeg 100w\" sizes=\"(max-width: 768px) 100vw, 768px\" \/>\t\t\t\t\t\t\t\t\t\t\t\t\t\t\t<\/div>\n\t\t\t\t<\/div>\n\t\t\t\t<div class=\"elementor-element elementor-element-f35b497 de_scroll_animation_no elementor-widget elementor-widget-text-editor\" data-id=\"f35b497\" data-element_type=\"widget\" data-e-type=\"widget\" data-widget_type=\"text-editor.default\">\n\t\t\t\t<div class=\"elementor-widget-container\">\n\t\t\t\t\t\t\t\t\t<p><i>Photo Credit: Forlle'd<\/i><\/p>\t\t\t\t\t\t\t\t<\/div>\n\t\t\t\t<\/div>\n\t\t\t\t\t<\/div>\n\t\t<\/div>\n\t\t\t\t\t<\/div>\n\t\t<\/section>\n\t\t\t\t<section class=\"elementor-section elementor-top-section elementor-element elementor-element-158dfbdd elementor-section-boxed elementor-section-height-default elementor-section-height-default\" data-id=\"158dfbdd\" data-element_type=\"section\" data-e-type=\"section\">\n\t\t\t\t\t\t<div class=\"elementor-container elementor-column-gap-default\">\n\t\t\t\t\t\t<\/div>\n\t\t<\/section>\n\t\t\t\t<section class=\"elementor-section elementor-top-section elementor-element elementor-element-ccaa9f0 elementor-section-boxed elementor-section-height-default elementor-section-height-default\" data-id=\"ccaa9f0\" data-element_type=\"section\" data-e-type=\"section\">\n\t\t\t\t\t\t<div class=\"elementor-container elementor-column-gap-default\">\n\t\t\t\t\t\t<\/div>\n\t\t<\/section>\n\t\t\t\t<section class=\"elementor-section elementor-top-section elementor-element elementor-element-79e9cdf3 elementor-section-boxed elementor-section-height-default elementor-section-height-default\" data-id=\"79e9cdf3\" data-element_type=\"section\" data-e-type=\"section\">\n\t\t\t\t\t\t<div class=\"elementor-container elementor-column-gap-default\">\n\t\t\t\t\t\t<\/div>\n\t\t<\/section>\n\t\t\t\t<section class=\"elementor-section elementor-top-section elementor-element elementor-element-44c69328 elementor-section-boxed elementor-section-height-default elementor-section-height-default\" data-id=\"44c69328\" data-element_type=\"section\" data-e-type=\"section\">\n\t\t\t\t\t\t<div class=\"elementor-container elementor-column-gap-default\">\n\t\t\t\t\t\t<\/div>\n\t\t<\/section>\n\t\t\t\t<\/div>","protected":false},"excerpt":{"rendered":"<p>Forlle&rsquo;d La science de la peau intemporelle\u200b Au c\u0153ur du spa cinq \u00e9toiles du Refuge de la Traye, une exp\u00e9rience vous attend, une exp\u00e9rience qui transcende le soin traditionnel.Nich\u00e9 \u00e0 flanc de montagne, entour\u00e9 de for\u00eats et baign\u00e9 de silence, le Refuge de la Traye est un havre pr\u00e9serv\u00e9 o\u00f9 la nature r\u00e8gne en ma\u00eetre. [&hellip;]<\/p>\n","protected":false},"author":4,"featured_media":0,"parent":0,"menu_order":0,"comment_status":"closed","ping_status":"closed","template":"elementor_header_footer","meta":{"_eb_attr":"","footnotes":""},"class_list":["post-4430","page","type-page","status-publish","hentry"],"yoast_head":"<!-- This site is optimized with the Yoast SEO plugin v27.5 - https:\/\/yoast.com\/product\/yoast-seo-wordpress\/ -->\n<title>Forlle&#039;d - Refuge de la Traye<\/title>\n<meta name=\"description\" content=\"Retrouvez les produits Forlle&#039;d au spa du Refuge de la Traye.\" \/>\n<meta name=\"robots\" content=\"index, follow, max-snippet:-1, max-image-preview:large, max-video-preview:-1\" \/>\n<link rel=\"canonical\" href=\"https:\/\/refugedelatraye.fr\/en\/forlled\/\" \/>\n<meta property=\"og:locale\" content=\"en_GB\" \/>\n<meta property=\"og:type\" content=\"article\" \/>\n<meta property=\"og:title\" content=\"Forlle&#039;d - Refuge de la Traye\" \/>\n<meta property=\"og:description\" content=\"Retrouvez les produits Forlle&#039;d au spa du Refuge de la Traye.\" \/>\n<meta property=\"og:url\" content=\"https:\/\/refugedelatraye.fr\/en\/forlled\/\" \/>\n<meta property=\"og:site_name\" content=\"Refuge de la Traye\" \/>\n<meta property=\"article:modified_time\" content=\"2025-11-04T10:45:29+00:00\" \/>\n<meta property=\"og:image\" content=\"https:\/\/refugedelatraye.fr\/wp-content\/uploads\/2023\/08\/RDLT-logo-2022-copie.png\" \/>\n<meta name=\"twitter:card\" content=\"summary_large_image\" \/>\n<meta name=\"twitter:label1\" content=\"Estimated reading time\" \/>\n\t<meta name=\"twitter:data1\" content=\"3 minutes\" \/>\n<script type=\"application\/ld+json\" class=\"yoast-schema-graph\">{\"@context\":\"https:\\\/\\\/schema.org\",\"@graph\":[{\"@type\":\"WebPage\",\"@id\":\"https:\\\/\\\/refugedelatraye.fr\\\/forlled\",\"url\":\"https:\\\/\\\/refugedelatraye.fr\\\/forlled\",\"name\":\"Forlle'd - Refuge de la Traye\",\"isPartOf\":{\"@id\":\"https:\\\/\\\/refugedelatraye.fr\\\/#website\"},\"primaryImageOfPage\":{\"@id\":\"https:\\\/\\\/refugedelatraye.fr\\\/forlled#primaryimage\"},\"image\":{\"@id\":\"https:\\\/\\\/refugedelatraye.fr\\\/forlled#primaryimage\"},\"thumbnailUrl\":\"https:\\\/\\\/refugedelatraye.fr\\\/wp-content\\\/uploads\\\/2023\\\/08\\\/RDLT-logo-2022-copie.png\",\"datePublished\":\"2025-11-03T13:12:41+00:00\",\"dateModified\":\"2025-11-04T10:45:29+00:00\",\"description\":\"Retrouvez les produits Forlle'd au spa du Refuge de la Traye.\",\"breadcrumb\":{\"@id\":\"https:\\\/\\\/refugedelatraye.fr\\\/forlled#breadcrumb\"},\"inLanguage\":\"en-GB\",\"potentialAction\":[{\"@type\":\"ReadAction\",\"target\":[\"https:\\\/\\\/refugedelatraye.fr\\\/forlled\"]}]},{\"@type\":\"ImageObject\",\"inLanguage\":\"en-GB\",\"@id\":\"https:\\\/\\\/refugedelatraye.fr\\\/forlled#primaryimage\",\"url\":\"https:\\\/\\\/refugedelatraye.fr\\\/wp-content\\\/uploads\\\/2023\\\/08\\\/RDLT-logo-2022-copie.png\",\"contentUrl\":\"https:\\\/\\\/refugedelatraye.fr\\\/wp-content\\\/uploads\\\/2023\\\/08\\\/RDLT-logo-2022-copie.png\"},{\"@type\":\"BreadcrumbList\",\"@id\":\"https:\\\/\\\/refugedelatraye.fr\\\/forlled#breadcrumb\",\"itemListElement\":[{\"@type\":\"ListItem\",\"position\":1,\"name\":\"Accueil\",\"item\":\"https:\\\/\\\/refugedelatraye.fr\\\/\"},{\"@type\":\"ListItem\",\"position\":2,\"name\":\"Forlle&rsquo;d\"}]},{\"@type\":\"WebSite\",\"@id\":\"https:\\\/\\\/refugedelatraye.fr\\\/#website\",\"url\":\"https:\\\/\\\/refugedelatraye.fr\\\/\",\"name\":\"Refuge de la Traye\",\"description\":\"Luxury Mountain Resort and Spa\",\"potentialAction\":[{\"@type\":\"SearchAction\",\"target\":{\"@type\":\"EntryPoint\",\"urlTemplate\":\"https:\\\/\\\/refugedelatraye.fr\\\/?s={search_term_string}\"},\"query-input\":{\"@type\":\"PropertyValueSpecification\",\"valueRequired\":true,\"valueName\":\"search_term_string\"}}],\"inLanguage\":\"en-GB\"}]}<\/script>\n<!-- \/ Yoast SEO plugin. -->","yoast_head_json":{"title":"Forlle'd - Refuge de la Traye","description":"Retrouvez les produits Forlle'd au spa du Refuge de la Traye.","robots":{"index":"index","follow":"follow","max-snippet":"max-snippet:-1","max-image-preview":"max-image-preview:large","max-video-preview":"max-video-preview:-1"},"canonical":"https:\/\/refugedelatraye.fr\/en\/forlled\/","og_locale":"en_GB","og_type":"article","og_title":"Forlle'd - Refuge de la Traye","og_description":"Retrouvez les produits Forlle'd au spa du Refuge de la Traye.","og_url":"https:\/\/refugedelatraye.fr\/en\/forlled\/","og_site_name":"Refuge de la Traye","article_modified_time":"2025-11-04T10:45:29+00:00","og_image":[{"url":"https:\/\/refugedelatraye.fr\/wp-content\/uploads\/2023\/08\/RDLT-logo-2022-copie.png","type":"","width":"","height":""}],"twitter_card":"summary_large_image","twitter_misc":{"Estimated reading time":"3 minutes"},"schema":{"@context":"https:\/\/schema.org","@graph":[{"@type":"WebPage","@id":"https:\/\/refugedelatraye.fr\/forlled","url":"https:\/\/refugedelatraye.fr\/forlled","name":"Forlle'd - Refuge de la Traye","isPartOf":{"@id":"https:\/\/refugedelatraye.fr\/#website"},"primaryImageOfPage":{"@id":"https:\/\/refugedelatraye.fr\/forlled#primaryimage"},"image":{"@id":"https:\/\/refugedelatraye.fr\/forlled#primaryimage"},"thumbnailUrl":"https:\/\/refugedelatraye.fr\/wp-content\/uploads\/2023\/08\/RDLT-logo-2022-copie.png","datePublished":"2025-11-03T13:12:41+00:00","dateModified":"2025-11-04T10:45:29+00:00","description":"Retrouvez les produits Forlle'd au spa du Refuge de la Traye.","breadcrumb":{"@id":"https:\/\/refugedelatraye.fr\/forlled#breadcrumb"},"inLanguage":"en-GB","potentialAction":[{"@type":"ReadAction","target":["https:\/\/refugedelatraye.fr\/forlled"]}]},{"@type":"ImageObject","inLanguage":"en-GB","@id":"https:\/\/refugedelatraye.fr\/forlled#primaryimage","url":"https:\/\/refugedelatraye.fr\/wp-content\/uploads\/2023\/08\/RDLT-logo-2022-copie.png","contentUrl":"https:\/\/refugedelatraye.fr\/wp-content\/uploads\/2023\/08\/RDLT-logo-2022-copie.png"},{"@type":"BreadcrumbList","@id":"https:\/\/refugedelatraye.fr\/forlled#breadcrumb","itemListElement":[{"@type":"ListItem","position":1,"name":"Accueil","item":"https:\/\/refugedelatraye.fr\/"},{"@type":"ListItem","position":2,"name":"Forlle&rsquo;d"}]},{"@type":"WebSite","@id":"https:\/\/refugedelatraye.fr\/#website","url":"https:\/\/refugedelatraye.fr\/","name":"Refuge de la Traye","description":"Luxury Mountain Resort and Spa","potentialAction":[{"@type":"SearchAction","target":{"@type":"EntryPoint","urlTemplate":"https:\/\/refugedelatraye.fr\/?s={search_term_string}"},"query-input":{"@type":"PropertyValueSpecification","valueRequired":true,"valueName":"search_term_string"}}],"inLanguage":"en-GB"}]}},"jetpack_sharing_enabled":true,"_links":{"self":[{"href":"https:\/\/refugedelatraye.fr\/en\/wp-json\/wp\/v2\/pages\/4430","targetHints":{"allow":["GET"]}}],"collection":[{"href":"https:\/\/refugedelatraye.fr\/en\/wp-json\/wp\/v2\/pages"}],"about":[{"href":"https:\/\/refugedelatraye.fr\/en\/wp-json\/wp\/v2\/types\/page"}],"author":[{"embeddable":true,"href":"https:\/\/refugedelatraye.fr\/en\/wp-json\/wp\/v2\/users\/4"}],"replies":[{"embeddable":true,"href":"https:\/\/refugedelatraye.fr\/en\/wp-json\/wp\/v2\/comments?post=4430"}],"version-history":[{"count":8,"href":"https:\/\/refugedelatraye.fr\/en\/wp-json\/wp\/v2\/pages\/4430\/revisions"}],"predecessor-version":[{"id":4449,"href":"https:\/\/refugedelatraye.fr\/en\/wp-json\/wp\/v2\/pages\/4430\/revisions\/4449"}],"wp:attachment":[{"href":"https:\/\/refugedelatraye.fr\/en\/wp-json\/wp\/v2\/media?parent=4430"}],"curies":[{"name":"wp","href":"https:\/\/api.w.org\/{rel}","templated":true}]}}